{"id":5666,"date":"2022-05-12T20:07:59","date_gmt":"2022-05-12T19:07:59","guid":{"rendered":"https:\/\/www.imperiumcaviar.ch\/?page_id=5666"},"modified":"2022-07-10T03:50:50","modified_gmt":"2022-07-10T02:50:50","slug":"unsere-garantie","status":"publish","type":"page","link":"https:\/\/www.imperiumcaviar.ch\/fr\/services\/unsere-garantie\/","title":{"rendered":"Notre garantie"},"content":{"rendered":"<div data-elementor-type=\"wp-page\" data-elementor-id=\"5666\" class=\"elementor elementor-5666\" data-elementor-post-type=\"page\">\n\t\t\t\t\t\t<section class=\"elementor-section elementor-top-section elementor-element elementor-element-6eb48b0 elementor-reverse-mobile elementor-section-boxed elementor-section-height-default elementor-section-height-default\" data-id=\"6eb48b0\" data-element_type=\"section\" data-e-type=\"section\">\n\t\t\t\t\t\t<div class=\"elementor-container elementor-column-gap-wider\">\n\t\t\t\t\t<div class=\"elementor-column elementor-col-50 elementor-top-column elementor-element elementor-element-60ec4b0\" data-id=\"60ec4b0\" data-element_type=\"column\" data-e-type=\"column\" data-settings=\"{&quot;background_background&quot;:&quot;classic&quot;}\">\n\t\t\t<div class=\"elementor-widget-wrap elementor-element-populated\">\n\t\t\t\t\t\t<div class=\"elementor-element elementor-element-2e7ec64 elementor-widget elementor-widget-heading\" data-id=\"2e7ec64\" data-element_type=\"widget\" data-e-type=\"widget\" data-widget_type=\"heading.default\">\n\t\t\t\t<div class=\"elementor-widget-container\">\n\t\t\t\t\t<h2 class=\"elementor-heading-title elementor-size-default\">Droit de retour dans les 24 heures<\/h2>\t\t\t\t<\/div>\n\t\t\t\t<\/div>\n\t\t\t\t<div class=\"elementor-element elementor-element-9a8e4fa elementor-widget elementor-widget-text-editor\" data-id=\"9a8e4fa\" data-element_type=\"widget\" data-e-type=\"widget\" data-widget_type=\"text-editor.default\">\n\t\t\t\t<div class=\"elementor-widget-container\">\n\t\t\t\t\t\t\t\t\t<div class=\"wpb_text_column wpb_content_element\"><div class=\"wpb_wrapper\"><div class=\"wpb_text_column wpb_content_element\"><div class=\"wpb_wrapper\"><div class=\"wpb_text_column wpb_content_element\"><div class=\"wpb_wrapper\"><p>Nous sommes fiers de pouvoir vous offrir notre qualit\u00e9 5 \u00e9toiles bien connue. Cependant, comme nous savons que rien ni personne n'est infaillible, vous b\u00e9n\u00e9ficiez de notre droit de retour de 24 heures si vous constatez un d\u00e9faut dans notre caviar. Veuillez toutefois noter que le caviar est un produit naturel et que des diff\u00e9rences de couleur, de go\u00fbt ou de taille de grain ne constituent pas un d\u00e9faut ni un motif de r\u00e9clamation.<\/p><\/div><\/div><\/div><\/div><\/div><\/div>\t\t\t\t\t\t\t\t<\/div>\n\t\t\t\t<\/div>\n\t\t\t\t\t<\/div>\n\t\t<\/div>\n\t\t\t\t<div class=\"elementor-column elementor-col-50 elementor-top-column elementor-element elementor-element-89234e7\" data-id=\"89234e7\" data-element_type=\"column\" data-e-type=\"column\" data-settings=\"{&quot;background_background&quot;:&quot;classic&quot;}\">\n\t\t\t<div class=\"elementor-widget-wrap elementor-element-populated\">\n\t\t\t\t\t\t<div class=\"elementor-element elementor-element-6c269b9 elementor-widget elementor-widget-spacer\" data-id=\"6c269b9\" data-element_type=\"widget\" data-e-type=\"widget\" data-widget_type=\"spacer.default\">\n\t\t\t\t<div class=\"elementor-widget-container\">\n\t\t\t\t\t\t\t<div class=\"elementor-spacer\">\n\t\t\t<div class=\"elementor-spacer-inner\"><\/div>\n\t\t<\/div>\n\t\t\t\t\t\t<\/div>\n\t\t\t\t<\/div>\n\t\t\t\t\t<\/div>\n\t\t<\/div>\n\t\t\t\t\t<\/div>\n\t\t<\/section>\n\t\t\t\t<section class=\"elementor-section elementor-top-section elementor-element elementor-element-ed7c685 elementor-section-boxed elementor-section-height-default elementor-section-height-default\" data-id=\"ed7c685\" data-element_type=\"section\" data-e-type=\"section\">\n\t\t\t\t\t\t<div class=\"elementor-container elementor-column-gap-wider\">\n\t\t\t\t\t<div class=\"elementor-column elementor-col-50 elementor-top-column elementor-element elementor-element-295e2b2\" data-id=\"295e2b2\" data-element_type=\"column\" data-e-type=\"column\" data-settings=\"{&quot;background_background&quot;:&quot;classic&quot;}\">\n\t\t\t<div class=\"elementor-widget-wrap elementor-element-populated\">\n\t\t\t\t\t\t<div class=\"elementor-element elementor-element-50691f2 elementor-widget elementor-widget-spacer\" data-id=\"50691f2\" data-element_type=\"widget\" data-e-type=\"widget\" data-widget_type=\"spacer.default\">\n\t\t\t\t<div class=\"elementor-widget-container\">\n\t\t\t\t\t\t\t<div class=\"elementor-spacer\">\n\t\t\t<div class=\"elementor-spacer-inner\"><\/div>\n\t\t<\/div>\n\t\t\t\t\t\t<\/div>\n\t\t\t\t<\/div>\n\t\t\t\t\t<\/div>\n\t\t<\/div>\n\t\t\t\t<div class=\"elementor-column elementor-col-50 elementor-top-column elementor-element elementor-element-5349ee5\" data-id=\"5349ee5\" data-element_type=\"column\" data-e-type=\"column\" data-settings=\"{&quot;background_background&quot;:&quot;classic&quot;}\">\n\t\t\t<div class=\"elementor-widget-wrap elementor-element-populated\">\n\t\t\t\t\t\t<div class=\"elementor-element elementor-element-ca2f2b9 elementor-widget elementor-widget-heading\" data-id=\"ca2f2b9\" data-element_type=\"widget\" data-e-type=\"widget\" data-widget_type=\"heading.default\">\n\t\t\t\t<div class=\"elementor-widget-container\">\n\t\t\t\t\t<h2 class=\"elementor-heading-title elementor-size-default\">Indications concernant la livraison et le stockage<\/h2>\t\t\t\t<\/div>\n\t\t\t\t<\/div>\n\t\t\t\t<div class=\"elementor-element elementor-element-ba09804 elementor-widget elementor-widget-text-editor\" data-id=\"ba09804\" data-element_type=\"widget\" data-e-type=\"widget\" data-widget_type=\"text-editor.default\">\n\t\t\t\t<div class=\"elementor-widget-container\">\n\t\t\t\t\t\t\t\t\t<p>Afin de garantir la cha\u00eene du froid, nous vous contacterons directement apr\u00e8s votre commande pour organiser la date de livraison que vous souhaitez.<\/p><p>Veuillez placer le caviar imm\u00e9diatement apr\u00e8s sa r\u00e9ception dans votre r\u00e9frig\u00e9rateur. Le mieux est de le placer tout en bas afin qu'il b\u00e9n\u00e9ficie du meilleur refroidissement possible.<\/p><p>Respectez la date de p\u00e9remption imprim\u00e9e sur la bo\u00eete et d\u00e9gustez le caviar dans les jours qui suivent l'ouverture de la bo\u00eete.<\/p>\t\t\t\t\t\t\t\t<\/div>\n\t\t\t\t<\/div>\n\t\t\t\t\t<\/div>\n\t\t<\/div>\n\t\t\t\t\t<\/div>\n\t\t<\/section>\n\t\t\t\t<section class=\"elementor-section elementor-top-section elementor-element elementor-element-8659007 elementor-section-boxed elementor-section-height-default elementor-section-height-default\" data-id=\"8659007\" data-element_type=\"section\" data-e-type=\"section\">\n\t\t\t\t\t\t<div class=\"elementor-container elementor-column-gap-wider\">\n\t\t\t\t\t<div class=\"elementor-column elementor-col-100 elementor-top-column elementor-element elementor-element-27f7347\" data-id=\"27f7347\" data-element_type=\"column\" data-e-type=\"column\" data-settings=\"{&quot;background_background&quot;:&quot;classic&quot;}\">\n\t\t\t<div class=\"elementor-widget-wrap elementor-element-populated\">\n\t\t\t\t\t<div class=\"elementor-background-overlay\"><\/div>\n\t\t\t\t\t\t<div class=\"elementor-element elementor-element-e7a3368 elementor-widget elementor-widget-heading\" data-id=\"e7a3368\" data-element_type=\"widget\" data-e-type=\"widget\" data-widget_type=\"heading.default\">\n\t\t\t\t<div class=\"elementor-widget-container\">\n\t\t\t\t\t<h2 class=\"elementor-heading-title elementor-size-default\">Erreur lors de la commande<\/h2>\t\t\t\t<\/div>\n\t\t\t\t<\/div>\n\t\t\t\t<div class=\"elementor-element elementor-element-38a0e5f elementor-widget elementor-widget-text-editor\" data-id=\"38a0e5f\" data-element_type=\"widget\" data-e-type=\"widget\" data-widget_type=\"text-editor.default\">\n\t\t\t\t<div class=\"elementor-widget-container\">\n\t\t\t\t\t\t\t\t\t<p>Vous avez commis une erreur lors de votre commande? Ne vous inqui\u00e9tez pas, vous pouvez annuler la commande le jour m\u00eame sans frais. Utilisez \u00e0 cet effet les coordonn\u00e9es indiqu\u00e9es ci-dessous.<\/p>\t\t\t\t\t\t\t\t<\/div>\n\t\t\t\t<\/div>\n\t\t\t\t\t<\/div>\n\t\t<\/div>\n\t\t\t\t\t<\/div>\n\t\t<\/section>\n\t\t\t\t<section class=\"elementor-section elementor-top-section elementor-element elementor-element-fdf64c8 elementor-section-stretched elementor-section-boxed elementor-section-height-default elementor-section-height-default\" data-id=\"fdf64c8\" data-element_type=\"section\" data-e-type=\"section\" data-settings=\"{&quot;stretch_section&quot;:&quot;section-stretched&quot;,&quot;background_background&quot;:&quot;classic&quot;}\">\n\t\t\t\t\t\t\t<div class=\"elementor-background-overlay\"><\/div>\n\t\t\t\t\t\t\t<div class=\"elementor-container elementor-column-gap-default\">\n\t\t\t\t\t<div class=\"elementor-column elementor-col-50 elementor-top-column elementor-element elementor-element-2ed0542\" data-id=\"2ed0542\" data-element_type=\"column\" data-e-type=\"column\" data-settings=\"{&quot;background_background&quot;:&quot;classic&quot;}\">\n\t\t\t<div class=\"elementor-widget-wrap elementor-element-populated\">\n\t\t\t\t\t\t<div class=\"elementor-element elementor-element-de52441 elementor-widget elementor-widget-heading\" data-id=\"de52441\" data-element_type=\"widget\" data-e-type=\"widget\" data-widget_type=\"heading.default\">\n\t\t\t\t<div class=\"elementor-widget-container\">\n\t\t\t\t\t<h1 class=\"elementor-heading-title elementor-size-default\">Demander conseil\n<\/h1>\t\t\t\t<\/div>\n\t\t\t\t<\/div>\n\t\t\t\t<div class=\"elementor-element elementor-element-059d87e elementor-align-center elementor-icon-list--layout-traditional elementor-list-item-link-full_width elementor-widget elementor-widget-icon-list\" data-id=\"059d87e\" data-element_type=\"widget\" data-e-type=\"widget\" data-widget_type=\"icon-list.default\">\n\t\t\t\t<div class=\"elementor-widget-container\">\n\t\t\t\t\t\t\t<ul class=\"elementor-icon-list-items\">\n\t\t\t\t\t\t\t<li class=\"elementor-icon-list-item\">\n\t\t\t\t\t\t\t\t\t\t\t<a href=\"tel:+41765792755\">\n\n\t\t\t\t\t\t\t\t\t\t\t\t<span class=\"elementor-icon-list-icon\">\n\t\t\t\t\t\t\t<i aria-hidden=\"true\" class=\"fas fa-phone-alt\"><\/i>\t\t\t\t\t\t<\/span>\n\t\t\t\t\t\t\t\t\t\t<span class=\"elementor-icon-list-text\">T\u00e9l\u00e9phone: +41 76 579 27 55<\/span>\n\t\t\t\t\t\t\t\t\t\t\t<\/a>\n\t\t\t\t\t\t\t\t\t<\/li>\n\t\t\t\t\t\t\t\t<li class=\"elementor-icon-list-item\">\n\t\t\t\t\t\t\t\t\t\t\t<a href=\"https:\/\/wa.me\/41765792755\">\n\n\t\t\t\t\t\t\t\t\t\t\t\t<span class=\"elementor-icon-list-icon\">\n\t\t\t\t\t\t\t<i aria-hidden=\"true\" class=\"fab fa-whatsapp\"><\/i>\t\t\t\t\t\t<\/span>\n\t\t\t\t\t\t\t\t\t\t<span class=\"elementor-icon-list-text\">Whatsapp: +41 76 579 27 55<\/span>\n\t\t\t\t\t\t\t\t\t\t\t<\/a>\n\t\t\t\t\t\t\t\t\t<\/li>\n\t\t\t\t\t\t\t\t<li class=\"elementor-icon-list-item\">\n\t\t\t\t\t\t\t\t\t\t\t<a href=\"mailto:info@imperiumcaviar.ch\">\n\n\t\t\t\t\t\t\t\t\t\t\t\t<span class=\"elementor-icon-list-icon\">\n\t\t\t\t\t\t\t<i aria-hidden=\"true\" class=\"fas fa-envelope\"><\/i>\t\t\t\t\t\t<\/span>\n\t\t\t\t\t\t\t\t\t\t<span class=\"elementor-icon-list-text\">E-Mail: info@imperiumcaviar.ch<\/span>\n\t\t\t\t\t\t\t\t\t\t\t<\/a>\n\t\t\t\t\t\t\t\t\t<\/li>\n\t\t\t\t\t\t<\/ul>\n\t\t\t\t\t\t<\/div>\n\t\t\t\t<\/div>\n\t\t\t\t<div class=\"elementor-element elementor-element-26c781f elementor-align-center elementor-widget elementor-widget-button\" data-id=\"26c781f\" data-element_type=\"widget\" data-e-type=\"widget\" data-widget_type=\"button.default\">\n\t\t\t\t<div class=\"elementor-widget-container\">\n\t\t\t\t\t\t\t\t\t<div class=\"elementor-button-wrapper\">\n\t\t\t\t\t<a class=\"elementor-button elementor-button-link elementor-size-md\" href=\"\/fr\/contact\/#contactform\">\n\t\t\t\t\t\t<span class=\"elementor-button-content-wrapper\">\n\t\t\t\t\t\t\t\t\t<span class=\"elementor-button-text\">Formulaire de contact<\/span>\n\t\t\t\t\t<\/span>\n\t\t\t\t\t<\/a>\n\t\t\t\t<\/div>\n\t\t\t\t\t\t\t\t<\/div>\n\t\t\t\t<\/div>\n\t\t\t\t\t<\/div>\n\t\t<\/div>\n\t\t\t\t<div class=\"elementor-column elementor-col-50 elementor-top-column elementor-element elementor-element-54a28ae\" data-id=\"54a28ae\" data-element_type=\"column\" data-e-type=\"column\">\n\t\t\t<div class=\"elementor-widget-wrap\">\n\t\t\t\t\t\t\t<\/div>\n\t\t<\/div>\n\t\t\t\t\t<\/div>\n\t\t<\/section>\n\t\t\t\t<\/div>","protected":false},"excerpt":{"rendered":"<p>24-Stunden-R\u00fcckgaberecht Wir sind stolz darauf, Ihnen unsere bekannte 5-Sterne-Qualit\u00e4t anbieten zu k\u00f6nnen. Da wir jedoch wissen, dass nichts und niemand unfehlbar ist, profitieren Sie von unserem 24-Stunden-R\u00fcckgaberecht, falls Sie einen Mangel an unserem Kaviar feststellen. Bitte beachten Sie, dass Kaviar ein nat\u00fcrliches Produkt ist und Unterschiede in der Farbe, im Geschmack oder in der Korngr\u00f6sse<br class=\"read-more-spacer\"> <a class=\"more-link\" href=\"https:\/\/www.imperiumcaviar.ch\/fr\/services\/unsere-garantie\/\">Read More<\/a><\/p>","protected":false},"author":1,"featured_media":0,"parent":5581,"menu_order":0,"comment_status":"closed","ping_status":"closed","template":"","meta":{"_acf_changed":false,"footnotes":""},"class_list":["post-5666","page","type-page","status-publish","hentry"],"acf":[],"yoast_head":"<!-- This site is optimized with the Yoast SEO plugin v27.1.1 - https:\/\/yoast.com\/product\/yoast-seo-wordpress\/ -->\n<title>Unsere Garantie - Imperium Caviar<\/title>\n<meta name=\"robots\" content=\"index, follow, max-snippet:-1, max-image-preview:large, max-video-preview:-1\" \/>\n<link rel=\"canonical\" href=\"https:\/\/www.imperiumcaviar.ch\/fr\/services\/unsere-garantie\/\" \/>\n<meta property=\"og:locale\" content=\"fr_FR\" \/>\n<meta property=\"og:type\" content=\"article\" \/>\n<meta property=\"og:title\" content=\"Unsere Garantie - Imperium Caviar\" \/>\n<meta property=\"og:description\" content=\"24-Stunden-R\u00fcckgaberecht Wir sind stolz darauf, Ihnen unsere bekannte 5-Sterne-Qualit\u00e4t anbieten zu k\u00f6nnen. Da wir jedoch wissen, dass nichts und niemand unfehlbar ist, profitieren Sie von unserem 24-Stunden-R\u00fcckgaberecht, falls Sie einen Mangel an unserem Kaviar feststellen. Bitte beachten Sie, dass Kaviar ein nat\u00fcrliches Produkt ist und Unterschiede in der Farbe, im Geschmack oder in der Korngr\u00f6sse Read More\" \/>\n<meta property=\"og:url\" content=\"https:\/\/www.imperiumcaviar.ch\/fr\/services\/unsere-garantie\/\" \/>\n<meta property=\"og:site_name\" content=\"Imperium Caviar\" \/>\n<meta property=\"article:publisher\" content=\"https:\/\/facebook.com\/imperiumcaviar\" \/>\n<meta property=\"article:modified_time\" content=\"2022-07-10T02:50:50+00:00\" \/>\n<meta name=\"twitter:card\" content=\"summary_large_image\" \/>\n<meta name=\"twitter:label1\" content=\"Dur\u00e9e de lecture estim\u00e9e\" \/>\n\t<meta name=\"twitter:data1\" content=\"1 minute\" \/>\n<script type=\"application\/ld+json\" class=\"yoast-schema-graph\">{\"@context\":\"https:\/\/schema.org\",\"@graph\":[{\"@type\":\"WebPage\",\"@id\":\"https:\/\/www.imperiumcaviar.ch\/services\/unsere-garantie\/\",\"url\":\"https:\/\/www.imperiumcaviar.ch\/services\/unsere-garantie\/\",\"name\":\"Unsere Garantie - Imperium Caviar\",\"isPartOf\":{\"@id\":\"https:\/\/www.imperiumcaviar.ch\/#website\"},\"datePublished\":\"2022-05-12T19:07:59+00:00\",\"dateModified\":\"2022-07-10T02:50:50+00:00\",\"breadcrumb\":{\"@id\":\"https:\/\/www.imperiumcaviar.ch\/services\/unsere-garantie\/#breadcrumb\"},\"inLanguage\":\"fr-FR\",\"potentialAction\":[{\"@type\":\"ReadAction\",\"target\":[\"https:\/\/www.imperiumcaviar.ch\/services\/unsere-garantie\/\"]}]},{\"@type\":\"BreadcrumbList\",\"@id\":\"https:\/\/www.imperiumcaviar.ch\/services\/unsere-garantie\/#breadcrumb\",\"itemListElement\":[{\"@type\":\"ListItem\",\"position\":1,\"name\":\"Home\",\"item\":\"https:\/\/www.imperiumcaviar.ch\/\"},{\"@type\":\"ListItem\",\"position\":2,\"name\":\"Services\",\"item\":\"https:\/\/www.imperiumcaviar.ch\/services\/\"},{\"@type\":\"ListItem\",\"position\":3,\"name\":\"Unsere Garantie\"}]},{\"@type\":\"WebSite\",\"@id\":\"https:\/\/www.imperiumcaviar.ch\/#website\",\"url\":\"https:\/\/www.imperiumcaviar.ch\/\",\"name\":\"Imperium Caviar\",\"description\":\"Feinsten und exquisiten Kaviar online kaufen\",\"publisher\":{\"@id\":\"https:\/\/www.imperiumcaviar.ch\/#organization\"},\"potentialAction\":[{\"@type\":\"SearchAction\",\"target\":{\"@type\":\"EntryPoint\",\"urlTemplate\":\"https:\/\/www.imperiumcaviar.ch\/?s={search_term_string}\"},\"query-input\":{\"@type\":\"PropertyValueSpecification\",\"valueRequired\":true,\"valueName\":\"search_term_string\"}}],\"inLanguage\":\"fr-FR\"},{\"@type\":\"Organization\",\"@id\":\"https:\/\/www.imperiumcaviar.ch\/#organization\",\"name\":\"Imperium Caviar\",\"url\":\"https:\/\/www.imperiumcaviar.ch\/\",\"logo\":{\"@type\":\"ImageObject\",\"inLanguage\":\"fr-FR\",\"@id\":\"https:\/\/www.imperiumcaviar.ch\/#\/schema\/logo\/image\/\",\"url\":\"https:\/\/www.imperiumcaviar.ch\/wp-content\/uploads\/2021\/08\/logo-social-media2-1.png\",\"contentUrl\":\"https:\/\/www.imperiumcaviar.ch\/wp-content\/uploads\/2021\/08\/logo-social-media2-1.png\",\"width\":800,\"height\":800,\"caption\":\"Imperium Caviar\"},\"image\":{\"@id\":\"https:\/\/www.imperiumcaviar.ch\/#\/schema\/logo\/image\/\"},\"sameAs\":[\"https:\/\/facebook.com\/imperiumcaviar\",\"https:\/\/www.instagram.com\/imperiumcaviar\/\"]}]}<\/script>\n<!-- \/ Yoast SEO plugin. -->","yoast_head_json":{"title":"Unsere Garantie - Imperium Caviar","robots":{"index":"index","follow":"follow","max-snippet":"max-snippet:-1","max-image-preview":"max-image-preview:large","max-video-preview":"max-video-preview:-1"},"canonical":"https:\/\/www.imperiumcaviar.ch\/fr\/services\/unsere-garantie\/","og_locale":"fr_FR","og_type":"article","og_title":"Unsere Garantie - Imperium Caviar","og_description":"24-Stunden-R\u00fcckgaberecht Wir sind stolz darauf, Ihnen unsere bekannte 5-Sterne-Qualit\u00e4t anbieten zu k\u00f6nnen. Da wir jedoch wissen, dass nichts und niemand unfehlbar ist, profitieren Sie von unserem 24-Stunden-R\u00fcckgaberecht, falls Sie einen Mangel an unserem Kaviar feststellen. Bitte beachten Sie, dass Kaviar ein nat\u00fcrliches Produkt ist und Unterschiede in der Farbe, im Geschmack oder in der Korngr\u00f6sse Read More","og_url":"https:\/\/www.imperiumcaviar.ch\/fr\/services\/unsere-garantie\/","og_site_name":"Imperium Caviar","article_publisher":"https:\/\/facebook.com\/imperiumcaviar","article_modified_time":"2022-07-10T02:50:50+00:00","twitter_card":"summary_large_image","twitter_misc":{"Dur\u00e9e de lecture estim\u00e9e":"1 minute"},"schema":{"@context":"https:\/\/schema.org","@graph":[{"@type":"WebPage","@id":"https:\/\/www.imperiumcaviar.ch\/services\/unsere-garantie\/","url":"https:\/\/www.imperiumcaviar.ch\/services\/unsere-garantie\/","name":"Unsere Garantie - Imperium Caviar","isPartOf":{"@id":"https:\/\/www.imperiumcaviar.ch\/#website"},"datePublished":"2022-05-12T19:07:59+00:00","dateModified":"2022-07-10T02:50:50+00:00","breadcrumb":{"@id":"https:\/\/www.imperiumcaviar.ch\/services\/unsere-garantie\/#breadcrumb"},"inLanguage":"fr-FR","potentialAction":[{"@type":"ReadAction","target":["https:\/\/www.imperiumcaviar.ch\/services\/unsere-garantie\/"]}]},{"@type":"BreadcrumbList","@id":"https:\/\/www.imperiumcaviar.ch\/services\/unsere-garantie\/#breadcrumb","itemListElement":[{"@type":"ListItem","position":1,"name":"Home","item":"https:\/\/www.imperiumcaviar.ch\/"},{"@type":"ListItem","position":2,"name":"Services","item":"https:\/\/www.imperiumcaviar.ch\/services\/"},{"@type":"ListItem","position":3,"name":"Unsere Garantie"}]},{"@type":"WebSite","@id":"https:\/\/www.imperiumcaviar.ch\/#website","url":"https:\/\/www.imperiumcaviar.ch\/","name":"Imperium Caviar","description":"Feinsten und exquisiten Kaviar online kaufen","publisher":{"@id":"https:\/\/www.imperiumcaviar.ch\/#organization"},"potentialAction":[{"@type":"SearchAction","target":{"@type":"EntryPoint","urlTemplate":"https:\/\/www.imperiumcaviar.ch\/?s={search_term_string}"},"query-input":{"@type":"PropertyValueSpecification","valueRequired":true,"valueName":"search_term_string"}}],"inLanguage":"fr-FR"},{"@type":"Organization","@id":"https:\/\/www.imperiumcaviar.ch\/#organization","name":"Imperium Caviar","url":"https:\/\/www.imperiumcaviar.ch\/","logo":{"@type":"ImageObject","inLanguage":"fr-FR","@id":"https:\/\/www.imperiumcaviar.ch\/#\/schema\/logo\/image\/","url":"https:\/\/www.imperiumcaviar.ch\/wp-content\/uploads\/2021\/08\/logo-social-media2-1.png","contentUrl":"https:\/\/www.imperiumcaviar.ch\/wp-content\/uploads\/2021\/08\/logo-social-media2-1.png","width":800,"height":800,"caption":"Imperium Caviar"},"image":{"@id":"https:\/\/www.imperiumcaviar.ch\/#\/schema\/logo\/image\/"},"sameAs":["https:\/\/facebook.com\/imperiumcaviar","https:\/\/www.instagram.com\/imperiumcaviar\/"]}]}},"_links":{"self":[{"href":"https:\/\/www.imperiumcaviar.ch\/fr\/wp-json\/wp\/v2\/pages\/5666","targetHints":{"allow":["GET"]}}],"collection":[{"href":"https:\/\/www.imperiumcaviar.ch\/fr\/wp-json\/wp\/v2\/pages"}],"about":[{"href":"https:\/\/www.imperiumcaviar.ch\/fr\/wp-json\/wp\/v2\/types\/page"}],"author":[{"embeddable":true,"href":"https:\/\/www.imperiumcaviar.ch\/fr\/wp-json\/wp\/v2\/users\/1"}],"replies":[{"embeddable":true,"href":"https:\/\/www.imperiumcaviar.ch\/fr\/wp-json\/wp\/v2\/comments?post=5666"}],"version-history":[{"count":0,"href":"https:\/\/www.imperiumcaviar.ch\/fr\/wp-json\/wp\/v2\/pages\/5666\/revisions"}],"up":[{"embeddable":true,"href":"https:\/\/www.imperiumcaviar.ch\/fr\/wp-json\/wp\/v2\/pages\/5581"}],"wp:attachment":[{"href":"https:\/\/www.imperiumcaviar.ch\/fr\/wp-json\/wp\/v2\/media?parent=5666"}],"curies":[{"name":"wp","href":"https:\/\/api.w.org\/{rel}","templated":true}]}}