{"id":5652,"date":"2022-05-12T19:49:16","date_gmt":"2022-05-12T18:49:16","guid":{"rendered":"https:\/\/www.imperiumcaviar.ch\/?page_id=5652"},"modified":"2022-10-23T17:06:29","modified_gmt":"2022-10-23T16:06:29","slug":"beratung-lieferung","status":"publish","type":"page","link":"https:\/\/www.imperiumcaviar.ch\/fr\/services\/beratung-lieferung\/","title":{"rendered":"CONSEIL &amp; LIVRAISON"},"content":{"rendered":"<div data-elementor-type=\"wp-page\" data-elementor-id=\"5652\" class=\"elementor elementor-5652\" data-elementor-post-type=\"page\">\n\t\t\t\t\t\t<section class=\"elementor-section elementor-top-section elementor-element elementor-element-7b659f5 elementor-section-stretched elementor-section-boxed elementor-section-height-default elementor-section-height-default\" data-id=\"7b659f5\" data-element_type=\"section\" data-e-type=\"section\" data-settings=\"{&quot;stretch_section&quot;:&quot;section-stretched&quot;,&quot;background_background&quot;:&quot;classic&quot;}\">\n\t\t\t\t\t\t<div class=\"elementor-container elementor-column-gap-default\">\n\t\t\t\t\t<div class=\"elementor-column elementor-col-100 elementor-top-column elementor-element elementor-element-c606d7a\" data-id=\"c606d7a\" data-element_type=\"column\" data-e-type=\"column\">\n\t\t\t<div class=\"elementor-widget-wrap elementor-element-populated\">\n\t\t\t\t\t\t<div class=\"elementor-element elementor-element-e70cf0d elementor-align-center elementor-widget elementor-widget-button\" data-id=\"e70cf0d\" data-element_type=\"widget\" data-e-type=\"widget\" data-widget_type=\"button.default\">\n\t\t\t\t<div class=\"elementor-widget-container\">\n\t\t\t\t\t\t\t\t\t<div class=\"elementor-button-wrapper\">\n\t\t\t\t\t<a class=\"elementor-button elementor-button-link elementor-size-md\" href=\"\/fr\/contact\/#contactform\">\n\t\t\t\t\t\t<span class=\"elementor-button-content-wrapper\">\n\t\t\t\t\t\t\t\t\t<span class=\"elementor-button-text\">Demander conseil<\/span>\n\t\t\t\t\t<\/span>\n\t\t\t\t\t<\/a>\n\t\t\t\t<\/div>\n\t\t\t\t\t\t\t\t<\/div>\n\t\t\t\t<\/div>\n\t\t\t\t\t<\/div>\n\t\t<\/div>\n\t\t\t\t\t<\/div>\n\t\t<\/section>\n\t\t\t\t<section class=\"elementor-section elementor-top-section elementor-element elementor-element-7471d71 elementor-reverse-mobile elementor-section-boxed elementor-section-height-default elementor-section-height-default\" data-id=\"7471d71\" data-element_type=\"section\" data-e-type=\"section\">\n\t\t\t\t\t\t<div class=\"elementor-container elementor-column-gap-wider\">\n\t\t\t\t\t<div class=\"elementor-column elementor-col-50 elementor-top-column elementor-element elementor-element-304dc61\" data-id=\"304dc61\" data-element_type=\"column\" data-e-type=\"column\" data-settings=\"{&quot;background_background&quot;:&quot;classic&quot;}\">\n\t\t\t<div class=\"elementor-widget-wrap elementor-element-populated\">\n\t\t\t\t\t\t<div class=\"elementor-element elementor-element-e94953c elementor-widget elementor-widget-heading\" data-id=\"e94953c\" data-element_type=\"widget\" data-e-type=\"widget\" data-widget_type=\"heading.default\">\n\t\t\t\t<div class=\"elementor-widget-container\">\n\t\t\t\t\t<h2 class=\"elementor-heading-title elementor-size-default\">Conseil\n<\/h2>\t\t\t\t<\/div>\n\t\t\t\t<\/div>\n\t\t\t\t<div class=\"elementor-element elementor-element-6639316 elementor-widget elementor-widget-text-editor\" data-id=\"6639316\" data-element_type=\"widget\" data-e-type=\"widget\" data-widget_type=\"text-editor.default\">\n\t\t\t\t<div class=\"elementor-widget-container\">\n\t\t\t\t\t\t\t\t\t<div class=\"wpb_text_column wpb_content_element\"><div class=\"wpb_wrapper\"><div class=\"wpb_text_column wpb_content_element\"><div class=\"wpb_wrapper\"><p>Nous connaissons nous aussi les obstacles de l\u2019univers en ligne.<\/p><p>Contactez-nous pour un conseil personnel et gratuit.<\/p><\/div><\/div><\/div><\/div>\t\t\t\t\t\t\t\t<\/div>\n\t\t\t\t<\/div>\n\t\t\t\t<div class=\"elementor-element elementor-element-823d132 elementor-widget elementor-widget-button\" data-id=\"823d132\" data-element_type=\"widget\" data-e-type=\"widget\" data-widget_type=\"button.default\">\n\t\t\t\t<div class=\"elementor-widget-container\">\n\t\t\t\t\t\t\t\t\t<div class=\"elementor-button-wrapper\">\n\t\t\t\t\t<a class=\"elementor-button elementor-button-link elementor-size-md\" href=\"\/fr\/contact\/#contactform\">\n\t\t\t\t\t\t<span class=\"elementor-button-content-wrapper\">\n\t\t\t\t\t\t\t\t\t<span class=\"elementor-button-text\">Contact<\/span>\n\t\t\t\t\t<\/span>\n\t\t\t\t\t<\/a>\n\t\t\t\t<\/div>\n\t\t\t\t\t\t\t\t<\/div>\n\t\t\t\t<\/div>\n\t\t\t\t\t<\/div>\n\t\t<\/div>\n\t\t\t\t<div class=\"elementor-column elementor-col-50 elementor-top-column elementor-element elementor-element-28ee144\" data-id=\"28ee144\" data-element_type=\"column\" data-e-type=\"column\" data-settings=\"{&quot;background_background&quot;:&quot;classic&quot;}\">\n\t\t\t<div class=\"elementor-widget-wrap elementor-element-populated\">\n\t\t\t\t\t\t<div class=\"elementor-element elementor-element-212ca77 elementor-widget elementor-widget-spacer\" data-id=\"212ca77\" data-element_type=\"widget\" data-e-type=\"widget\" data-widget_type=\"spacer.default\">\n\t\t\t\t<div class=\"elementor-widget-container\">\n\t\t\t\t\t\t\t<div class=\"elementor-spacer\">\n\t\t\t<div class=\"elementor-spacer-inner\"><\/div>\n\t\t<\/div>\n\t\t\t\t\t\t<\/div>\n\t\t\t\t<\/div>\n\t\t\t\t\t<\/div>\n\t\t<\/div>\n\t\t\t\t\t<\/div>\n\t\t<\/section>\n\t\t\t\t<section class=\"elementor-section elementor-top-section elementor-element elementor-element-612c1d6 elementor-section-boxed elementor-section-height-default elementor-section-height-default\" data-id=\"612c1d6\" data-element_type=\"section\" data-e-type=\"section\">\n\t\t\t\t\t\t<div class=\"elementor-container elementor-column-gap-wider\">\n\t\t\t\t\t<div class=\"elementor-column elementor-col-50 elementor-top-column elementor-element elementor-element-802cc98\" data-id=\"802cc98\" data-element_type=\"column\" data-e-type=\"column\" data-settings=\"{&quot;background_background&quot;:&quot;classic&quot;}\">\n\t\t\t<div class=\"elementor-widget-wrap elementor-element-populated\">\n\t\t\t\t\t\t<div class=\"elementor-element elementor-element-a58d504 elementor-widget elementor-widget-spacer\" data-id=\"a58d504\" data-element_type=\"widget\" data-e-type=\"widget\" data-widget_type=\"spacer.default\">\n\t\t\t\t<div class=\"elementor-widget-container\">\n\t\t\t\t\t\t\t<div class=\"elementor-spacer\">\n\t\t\t<div class=\"elementor-spacer-inner\"><\/div>\n\t\t<\/div>\n\t\t\t\t\t\t<\/div>\n\t\t\t\t<\/div>\n\t\t\t\t\t<\/div>\n\t\t<\/div>\n\t\t\t\t<div class=\"elementor-column elementor-col-50 elementor-top-column elementor-element elementor-element-327e680\" data-id=\"327e680\" data-element_type=\"column\" data-e-type=\"column\" data-settings=\"{&quot;background_background&quot;:&quot;classic&quot;}\">\n\t\t\t<div class=\"elementor-widget-wrap elementor-element-populated\">\n\t\t\t\t\t\t<div class=\"elementor-element elementor-element-2a1ba5a elementor-widget elementor-widget-heading\" data-id=\"2a1ba5a\" data-element_type=\"widget\" data-e-type=\"widget\" data-widget_type=\"heading.default\">\n\t\t\t\t<div class=\"elementor-widget-container\">\n\t\t\t\t\t<h2 class=\"elementor-heading-title elementor-size-default\">Livraison\n<\/h2>\t\t\t\t<\/div>\n\t\t\t\t<\/div>\n\t\t\t\t<div class=\"elementor-element elementor-element-50387e9 elementor-widget elementor-widget-text-editor\" data-id=\"50387e9\" data-element_type=\"widget\" data-e-type=\"widget\" data-widget_type=\"text-editor.default\">\n\t\t\t\t<div class=\"elementor-widget-container\">\n\t\t\t\t\t\t\t\t\t<p>Avez-vous pass\u00e9 une commande chez nous ? En vue de garantir la cha\u00eene du froid, nous vous contacterons apr\u00e8s votre commande pour conna\u00eetre la date de livraison souhait\u00e9e.<\/p><p>Souhaitez-vous offrir du caviar \u00e0 une personne qui vous est ch\u00e8re ? Contactez-nous ou passez une commande directement en ligne et nous veillerons \u00e0 ce que la livraison se d\u00e9roule sans difficult\u00e9.<\/p>\t\t\t\t\t\t\t\t<\/div>\n\t\t\t\t<\/div>\n\t\t\t\t\t<\/div>\n\t\t<\/div>\n\t\t\t\t\t<\/div>\n\t\t<\/section>\n\t\t\t\t<section class=\"elementor-section elementor-top-section elementor-element elementor-element-5d82cae elementor-section-stretched elementor-section-boxed elementor-section-height-default elementor-section-height-default\" data-id=\"5d82cae\" data-element_type=\"section\" data-e-type=\"section\" data-settings=\"{&quot;stretch_section&quot;:&quot;section-stretched&quot;,&quot;background_background&quot;:&quot;classic&quot;}\">\n\t\t\t\t\t\t\t<div class=\"elementor-background-overlay\"><\/div>\n\t\t\t\t\t\t\t<div class=\"elementor-container elementor-column-gap-default\">\n\t\t\t\t\t<div class=\"elementor-column elementor-col-50 elementor-top-column elementor-element elementor-element-1281fb7\" data-id=\"1281fb7\" data-element_type=\"column\" data-e-type=\"column\" data-settings=\"{&quot;background_background&quot;:&quot;classic&quot;}\">\n\t\t\t<div class=\"elementor-widget-wrap elementor-element-populated\">\n\t\t\t\t\t\t<div class=\"elementor-element elementor-element-9eec72d elementor-widget elementor-widget-heading\" data-id=\"9eec72d\" data-element_type=\"widget\" data-e-type=\"widget\" data-widget_type=\"heading.default\">\n\t\t\t\t<div class=\"elementor-widget-container\">\n\t\t\t\t\t<h1 class=\"elementor-heading-title elementor-size-default\">Demander conseil sans engagement et sans frais<\/h1>\t\t\t\t<\/div>\n\t\t\t\t<\/div>\n\t\t\t\t<div class=\"elementor-element elementor-element-30e6dba elementor-align-center elementor-icon-list--layout-traditional elementor-list-item-link-full_width elementor-widget elementor-widget-icon-list\" data-id=\"30e6dba\" data-element_type=\"widget\" data-e-type=\"widget\" data-widget_type=\"icon-list.default\">\n\t\t\t\t<div class=\"elementor-widget-container\">\n\t\t\t\t\t\t\t<ul class=\"elementor-icon-list-items\">\n\t\t\t\t\t\t\t<li class=\"elementor-icon-list-item\">\n\t\t\t\t\t\t\t\t\t\t\t<a href=\"tel:+41765792755\">\n\n\t\t\t\t\t\t\t\t\t\t\t\t<span class=\"elementor-icon-list-icon\">\n\t\t\t\t\t\t\t<i aria-hidden=\"true\" class=\"fas fa-phone-alt\"><\/i>\t\t\t\t\t\t<\/span>\n\t\t\t\t\t\t\t\t\t\t<span class=\"elementor-icon-list-text\">T\u00e9l\u00e9phone: +41 76 579 27 55<\/span>\n\t\t\t\t\t\t\t\t\t\t\t<\/a>\n\t\t\t\t\t\t\t\t\t<\/li>\n\t\t\t\t\t\t\t\t<li class=\"elementor-icon-list-item\">\n\t\t\t\t\t\t\t\t\t\t\t<a href=\"https:\/\/wa.me\/41765792755\">\n\n\t\t\t\t\t\t\t\t\t\t\t\t<span class=\"elementor-icon-list-icon\">\n\t\t\t\t\t\t\t<i aria-hidden=\"true\" class=\"fab fa-whatsapp\"><\/i>\t\t\t\t\t\t<\/span>\n\t\t\t\t\t\t\t\t\t\t<span class=\"elementor-icon-list-text\">Whatsapp: +41 76 579 27 55<\/span>\n\t\t\t\t\t\t\t\t\t\t\t<\/a>\n\t\t\t\t\t\t\t\t\t<\/li>\n\t\t\t\t\t\t\t\t<li class=\"elementor-icon-list-item\">\n\t\t\t\t\t\t\t\t\t\t\t<a href=\"mailto:info@imperiumcaviar.ch\">\n\n\t\t\t\t\t\t\t\t\t\t\t\t<span class=\"elementor-icon-list-icon\">\n\t\t\t\t\t\t\t<i aria-hidden=\"true\" class=\"fas fa-envelope\"><\/i>\t\t\t\t\t\t<\/span>\n\t\t\t\t\t\t\t\t\t\t<span class=\"elementor-icon-list-text\">E-Mail: info@imperiumcaviar.ch<\/span>\n\t\t\t\t\t\t\t\t\t\t\t<\/a>\n\t\t\t\t\t\t\t\t\t<\/li>\n\t\t\t\t\t\t<\/ul>\n\t\t\t\t\t\t<\/div>\n\t\t\t\t<\/div>\n\t\t\t\t<div class=\"elementor-element elementor-element-05dfea9 elementor-align-center elementor-widget elementor-widget-button\" data-id=\"05dfea9\" data-element_type=\"widget\" data-e-type=\"widget\" data-widget_type=\"button.default\">\n\t\t\t\t<div class=\"elementor-widget-container\">\n\t\t\t\t\t\t\t\t\t<div class=\"elementor-button-wrapper\">\n\t\t\t\t\t<a class=\"elementor-button elementor-button-link elementor-size-md\" href=\"\/fr\/contact\/#contactform\">\n\t\t\t\t\t\t<span class=\"elementor-button-content-wrapper\">\n\t\t\t\t\t\t\t\t\t<span class=\"elementor-button-text\">Formulaire de contact<\/span>\n\t\t\t\t\t<\/span>\n\t\t\t\t\t<\/a>\n\t\t\t\t<\/div>\n\t\t\t\t\t\t\t\t<\/div>\n\t\t\t\t<\/div>\n\t\t\t\t\t<\/div>\n\t\t<\/div>\n\t\t\t\t<div class=\"elementor-column elementor-col-50 elementor-top-column elementor-element elementor-element-fa0d9ea\" data-id=\"fa0d9ea\" data-element_type=\"column\" data-e-type=\"column\">\n\t\t\t<div class=\"elementor-widget-wrap\">\n\t\t\t\t\t\t\t<\/div>\n\t\t<\/div>\n\t\t\t\t\t<\/div>\n\t\t<\/section>\n\t\t\t\t<\/div>","protected":false},"excerpt":{"rendered":"<p>Beratung anfragen Beratung Auch wir kennen die H\u00fcrden der Online-Welt. Kontaktieren Sie uns f\u00fcr eine kostenfreie und unverbindliche Beratung. Kontakt Lieferung Haben Sie bei uns eine Bestellung aufgegeben? Um die K\u00fchlkette zu garantieren, werden wir Sie direkt nach Ihrer Bestellung f\u00fcr Ihr Wunschdatum der Lieferung kontaktieren. M\u00f6chten Sie Ihren Liebsten Kaviar schenken? Kontaktieren Sie uns<br class=\"read-more-spacer\"> <a class=\"more-link\" href=\"https:\/\/www.imperiumcaviar.ch\/fr\/services\/beratung-lieferung\/\">Read More<\/a><\/p>","protected":false},"author":1,"featured_media":0,"parent":5581,"menu_order":0,"comment_status":"closed","ping_status":"closed","template":"","meta":{"_acf_changed":false,"footnotes":""},"class_list":["post-5652","page","type-page","status-publish","hentry"],"acf":[],"yoast_head":"<!-- This site is optimized with the Yoast SEO plugin v27.1.1 - https:\/\/yoast.com\/product\/yoast-seo-wordpress\/ -->\n<title>Beratung &amp; Lieferung - Imperium Caviar<\/title>\n<meta name=\"robots\" content=\"index, follow, max-snippet:-1, max-image-preview:large, max-video-preview:-1\" \/>\n<link rel=\"canonical\" href=\"https:\/\/www.imperiumcaviar.ch\/fr\/services\/beratung-lieferung\/\" \/>\n<meta property=\"og:locale\" content=\"fr_FR\" \/>\n<meta property=\"og:type\" content=\"article\" \/>\n<meta property=\"og:title\" content=\"Beratung &amp; Lieferung - Imperium Caviar\" \/>\n<meta property=\"og:description\" content=\"Beratung anfragen Beratung Auch wir kennen die H\u00fcrden der Online-Welt. Kontaktieren Sie uns f\u00fcr eine kostenfreie und unverbindliche Beratung. Kontakt Lieferung Haben Sie bei uns eine Bestellung aufgegeben? Um die K\u00fchlkette zu garantieren, werden wir Sie direkt nach Ihrer Bestellung f\u00fcr Ihr Wunschdatum der Lieferung kontaktieren. M\u00f6chten Sie Ihren Liebsten Kaviar schenken? Kontaktieren Sie uns Read More\" \/>\n<meta property=\"og:url\" content=\"https:\/\/www.imperiumcaviar.ch\/fr\/services\/beratung-lieferung\/\" \/>\n<meta property=\"og:site_name\" content=\"Imperium Caviar\" \/>\n<meta property=\"article:publisher\" content=\"https:\/\/facebook.com\/imperiumcaviar\" \/>\n<meta property=\"article:modified_time\" content=\"2022-10-23T16:06:29+00:00\" \/>\n<meta name=\"twitter:card\" content=\"summary_large_image\" \/>\n<meta name=\"twitter:label1\" content=\"Dur\u00e9e de lecture estim\u00e9e\" \/>\n\t<meta name=\"twitter:data1\" content=\"1 minute\" \/>\n<script type=\"application\/ld+json\" class=\"yoast-schema-graph\">{\"@context\":\"https:\/\/schema.org\",\"@graph\":[{\"@type\":\"WebPage\",\"@id\":\"https:\/\/www.imperiumcaviar.ch\/services\/beratung-lieferung\/\",\"url\":\"https:\/\/www.imperiumcaviar.ch\/services\/beratung-lieferung\/\",\"name\":\"Beratung & Lieferung - Imperium Caviar\",\"isPartOf\":{\"@id\":\"https:\/\/www.imperiumcaviar.ch\/#website\"},\"datePublished\":\"2022-05-12T18:49:16+00:00\",\"dateModified\":\"2022-10-23T16:06:29+00:00\",\"breadcrumb\":{\"@id\":\"https:\/\/www.imperiumcaviar.ch\/services\/beratung-lieferung\/#breadcrumb\"},\"inLanguage\":\"fr-FR\",\"potentialAction\":[{\"@type\":\"ReadAction\",\"target\":[\"https:\/\/www.imperiumcaviar.ch\/services\/beratung-lieferung\/\"]}]},{\"@type\":\"BreadcrumbList\",\"@id\":\"https:\/\/www.imperiumcaviar.ch\/services\/beratung-lieferung\/#breadcrumb\",\"itemListElement\":[{\"@type\":\"ListItem\",\"position\":1,\"name\":\"Home\",\"item\":\"https:\/\/www.imperiumcaviar.ch\/\"},{\"@type\":\"ListItem\",\"position\":2,\"name\":\"Services\",\"item\":\"https:\/\/www.imperiumcaviar.ch\/services\/\"},{\"@type\":\"ListItem\",\"position\":3,\"name\":\"Beratung &#038; Lieferung\"}]},{\"@type\":\"WebSite\",\"@id\":\"https:\/\/www.imperiumcaviar.ch\/#website\",\"url\":\"https:\/\/www.imperiumcaviar.ch\/\",\"name\":\"Imperium Caviar\",\"description\":\"Feinsten und exquisiten Kaviar online kaufen\",\"publisher\":{\"@id\":\"https:\/\/www.imperiumcaviar.ch\/#organization\"},\"potentialAction\":[{\"@type\":\"SearchAction\",\"target\":{\"@type\":\"EntryPoint\",\"urlTemplate\":\"https:\/\/www.imperiumcaviar.ch\/?s={search_term_string}\"},\"query-input\":{\"@type\":\"PropertyValueSpecification\",\"valueRequired\":true,\"valueName\":\"search_term_string\"}}],\"inLanguage\":\"fr-FR\"},{\"@type\":\"Organization\",\"@id\":\"https:\/\/www.imperiumcaviar.ch\/#organization\",\"name\":\"Imperium Caviar\",\"url\":\"https:\/\/www.imperiumcaviar.ch\/\",\"logo\":{\"@type\":\"ImageObject\",\"inLanguage\":\"fr-FR\",\"@id\":\"https:\/\/www.imperiumcaviar.ch\/#\/schema\/logo\/image\/\",\"url\":\"https:\/\/www.imperiumcaviar.ch\/wp-content\/uploads\/2021\/08\/logo-social-media2-1.png\",\"contentUrl\":\"https:\/\/www.imperiumcaviar.ch\/wp-content\/uploads\/2021\/08\/logo-social-media2-1.png\",\"width\":800,\"height\":800,\"caption\":\"Imperium Caviar\"},\"image\":{\"@id\":\"https:\/\/www.imperiumcaviar.ch\/#\/schema\/logo\/image\/\"},\"sameAs\":[\"https:\/\/facebook.com\/imperiumcaviar\",\"https:\/\/www.instagram.com\/imperiumcaviar\/\"]}]}<\/script>\n<!-- \/ Yoast SEO plugin. -->","yoast_head_json":{"title":"Beratung & Lieferung - Imperium Caviar","robots":{"index":"index","follow":"follow","max-snippet":"max-snippet:-1","max-image-preview":"max-image-preview:large","max-video-preview":"max-video-preview:-1"},"canonical":"https:\/\/www.imperiumcaviar.ch\/fr\/services\/beratung-lieferung\/","og_locale":"fr_FR","og_type":"article","og_title":"Beratung & Lieferung - Imperium Caviar","og_description":"Beratung anfragen Beratung Auch wir kennen die H\u00fcrden der Online-Welt. Kontaktieren Sie uns f\u00fcr eine kostenfreie und unverbindliche Beratung. Kontakt Lieferung Haben Sie bei uns eine Bestellung aufgegeben? Um die K\u00fchlkette zu garantieren, werden wir Sie direkt nach Ihrer Bestellung f\u00fcr Ihr Wunschdatum der Lieferung kontaktieren. M\u00f6chten Sie Ihren Liebsten Kaviar schenken? Kontaktieren Sie uns Read More","og_url":"https:\/\/www.imperiumcaviar.ch\/fr\/services\/beratung-lieferung\/","og_site_name":"Imperium Caviar","article_publisher":"https:\/\/facebook.com\/imperiumcaviar","article_modified_time":"2022-10-23T16:06:29+00:00","twitter_card":"summary_large_image","twitter_misc":{"Dur\u00e9e de lecture estim\u00e9e":"1 minute"},"schema":{"@context":"https:\/\/schema.org","@graph":[{"@type":"WebPage","@id":"https:\/\/www.imperiumcaviar.ch\/services\/beratung-lieferung\/","url":"https:\/\/www.imperiumcaviar.ch\/services\/beratung-lieferung\/","name":"Beratung & Lieferung - Imperium Caviar","isPartOf":{"@id":"https:\/\/www.imperiumcaviar.ch\/#website"},"datePublished":"2022-05-12T18:49:16+00:00","dateModified":"2022-10-23T16:06:29+00:00","breadcrumb":{"@id":"https:\/\/www.imperiumcaviar.ch\/services\/beratung-lieferung\/#breadcrumb"},"inLanguage":"fr-FR","potentialAction":[{"@type":"ReadAction","target":["https:\/\/www.imperiumcaviar.ch\/services\/beratung-lieferung\/"]}]},{"@type":"BreadcrumbList","@id":"https:\/\/www.imperiumcaviar.ch\/services\/beratung-lieferung\/#breadcrumb","itemListElement":[{"@type":"ListItem","position":1,"name":"Home","item":"https:\/\/www.imperiumcaviar.ch\/"},{"@type":"ListItem","position":2,"name":"Services","item":"https:\/\/www.imperiumcaviar.ch\/services\/"},{"@type":"ListItem","position":3,"name":"Beratung &#038; Lieferung"}]},{"@type":"WebSite","@id":"https:\/\/www.imperiumcaviar.ch\/#website","url":"https:\/\/www.imperiumcaviar.ch\/","name":"Imperium Caviar","description":"Feinsten und exquisiten Kaviar online kaufen","publisher":{"@id":"https:\/\/www.imperiumcaviar.ch\/#organization"},"potentialAction":[{"@type":"SearchAction","target":{"@type":"EntryPoint","urlTemplate":"https:\/\/www.imperiumcaviar.ch\/?s={search_term_string}"},"query-input":{"@type":"PropertyValueSpecification","valueRequired":true,"valueName":"search_term_string"}}],"inLanguage":"fr-FR"},{"@type":"Organization","@id":"https:\/\/www.imperiumcaviar.ch\/#organization","name":"Imperium Caviar","url":"https:\/\/www.imperiumcaviar.ch\/","logo":{"@type":"ImageObject","inLanguage":"fr-FR","@id":"https:\/\/www.imperiumcaviar.ch\/#\/schema\/logo\/image\/","url":"https:\/\/www.imperiumcaviar.ch\/wp-content\/uploads\/2021\/08\/logo-social-media2-1.png","contentUrl":"https:\/\/www.imperiumcaviar.ch\/wp-content\/uploads\/2021\/08\/logo-social-media2-1.png","width":800,"height":800,"caption":"Imperium Caviar"},"image":{"@id":"https:\/\/www.imperiumcaviar.ch\/#\/schema\/logo\/image\/"},"sameAs":["https:\/\/facebook.com\/imperiumcaviar","https:\/\/www.instagram.com\/imperiumcaviar\/"]}]}},"_links":{"self":[{"href":"https:\/\/www.imperiumcaviar.ch\/fr\/wp-json\/wp\/v2\/pages\/5652","targetHints":{"allow":["GET"]}}],"collection":[{"href":"https:\/\/www.imperiumcaviar.ch\/fr\/wp-json\/wp\/v2\/pages"}],"about":[{"href":"https:\/\/www.imperiumcaviar.ch\/fr\/wp-json\/wp\/v2\/types\/page"}],"author":[{"embeddable":true,"href":"https:\/\/www.imperiumcaviar.ch\/fr\/wp-json\/wp\/v2\/users\/1"}],"replies":[{"embeddable":true,"href":"https:\/\/www.imperiumcaviar.ch\/fr\/wp-json\/wp\/v2\/comments?post=5652"}],"version-history":[{"count":0,"href":"https:\/\/www.imperiumcaviar.ch\/fr\/wp-json\/wp\/v2\/pages\/5652\/revisions"}],"up":[{"embeddable":true,"href":"https:\/\/www.imperiumcaviar.ch\/fr\/wp-json\/wp\/v2\/pages\/5581"}],"wp:attachment":[{"href":"https:\/\/www.imperiumcaviar.ch\/fr\/wp-json\/wp\/v2\/media?parent=5652"}],"curies":[{"name":"wp","href":"https:\/\/api.w.org\/{rel}","templated":true}]}}