{"id":5574,"date":"2022-05-12T15:54:14","date_gmt":"2022-05-12T14:54:14","guid":{"rendered":"https:\/\/www.imperiumcaviar.ch\/?page_id=5574"},"modified":"2022-07-26T09:13:12","modified_gmt":"2022-07-26T08:13:12","slug":"events-tastings","status":"publish","type":"page","link":"https:\/\/www.imperiumcaviar.ch\/fr\/services\/events-tastings\/","title":{"rendered":"Ev\u00e9nements &amp; d\u00e9gustations en priv\u00e9"},"content":{"rendered":"<div data-elementor-type=\"wp-page\" data-elementor-id=\"5574\" class=\"elementor elementor-5574\" data-elementor-post-type=\"page\">\n\t\t\t\t\t\t<section class=\"elementor-section elementor-top-section elementor-element elementor-element-c655dc4 elementor-section-stretched elementor-section-boxed elementor-section-height-default elementor-section-height-default\" data-id=\"c655dc4\" data-element_type=\"section\" data-e-type=\"section\" data-settings=\"{&quot;stretch_section&quot;:&quot;section-stretched&quot;,&quot;background_background&quot;:&quot;classic&quot;}\">\n\t\t\t\t\t\t<div class=\"elementor-container elementor-column-gap-default\">\n\t\t\t\t\t<div class=\"elementor-column elementor-col-100 elementor-top-column elementor-element elementor-element-5f206cc\" data-id=\"5f206cc\" data-element_type=\"column\" data-e-type=\"column\">\n\t\t\t<div class=\"elementor-widget-wrap elementor-element-populated\">\n\t\t\t\t\t\t<div class=\"elementor-element elementor-element-7b16691 elementor-align-center elementor-widget elementor-widget-button\" data-id=\"7b16691\" data-element_type=\"widget\" data-e-type=\"widget\" data-widget_type=\"button.default\">\n\t\t\t\t<div class=\"elementor-widget-container\">\n\t\t\t\t\t\t\t\t\t<div class=\"elementor-button-wrapper\">\n\t\t\t\t\t<a class=\"elementor-button elementor-button-link elementor-size-md\" href=\"\/fr\/contact\/#contactform\">\n\t\t\t\t\t\t<span class=\"elementor-button-content-wrapper\">\n\t\t\t\t\t\t\t\t\t<span class=\"elementor-button-text\">Demander conseil<\/span>\n\t\t\t\t\t<\/span>\n\t\t\t\t\t<\/a>\n\t\t\t\t<\/div>\n\t\t\t\t\t\t\t\t<\/div>\n\t\t\t\t<\/div>\n\t\t\t\t\t<\/div>\n\t\t<\/div>\n\t\t\t\t\t<\/div>\n\t\t<\/section>\n\t\t\t\t<section class=\"elementor-section elementor-top-section elementor-element elementor-element-7ef8a03 elementor-reverse-mobile elementor-section-boxed elementor-section-height-default elementor-section-height-default\" data-id=\"7ef8a03\" data-element_type=\"section\" data-e-type=\"section\">\n\t\t\t\t\t\t<div class=\"elementor-container elementor-column-gap-wider\">\n\t\t\t\t\t<div class=\"elementor-column elementor-col-50 elementor-top-column elementor-element elementor-element-ffcb27c\" data-id=\"ffcb27c\" data-element_type=\"column\" data-e-type=\"column\" data-settings=\"{&quot;background_background&quot;:&quot;classic&quot;}\">\n\t\t\t<div class=\"elementor-widget-wrap elementor-element-populated\">\n\t\t\t\t\t\t<div class=\"elementor-element elementor-element-bb9c467 elementor-widget elementor-widget-heading\" data-id=\"bb9c467\" data-element_type=\"widget\" data-e-type=\"widget\" data-widget_type=\"heading.default\">\n\t\t\t\t<div class=\"elementor-widget-container\">\n\t\t\t\t\t<h2 class=\"elementor-heading-title elementor-size-default\">D\u00e9gustations de caviar<\/h2>\t\t\t\t<\/div>\n\t\t\t\t<\/div>\n\t\t\t\t<div class=\"elementor-element elementor-element-1040a6a elementor-widget elementor-widget-text-editor\" data-id=\"1040a6a\" data-element_type=\"widget\" data-e-type=\"widget\" data-widget_type=\"text-editor.default\">\n\t\t\t\t<div class=\"elementor-widget-container\">\n\t\t\t\t\t\t\t\t\t<div class=\"wpb_text_column wpb_content_element\"><div class=\"wpb_wrapper\"><div class=\"wpb_text_column wpb_content_element\"><div class=\"wpb_wrapper\"><p>R\u00e9servez une d\u00e9gustation de caviar chez vous:<\/p><ul><li>D\u00e9couvrez tout sur le caviar directement par les sp\u00e9cialistes.<\/li><li>D\u00e9gustez nos diff\u00e9rentes vari\u00e9t\u00e9s de caviar.<\/li><\/ul><\/div><\/div><\/div><\/div>\t\t\t\t\t\t\t\t<\/div>\n\t\t\t\t<\/div>\n\t\t\t\t<div class=\"elementor-element elementor-element-a281481 elementor-widget elementor-widget-button\" data-id=\"a281481\" data-element_type=\"widget\" data-e-type=\"widget\" data-widget_type=\"button.default\">\n\t\t\t\t<div class=\"elementor-widget-container\">\n\t\t\t\t\t\t\t\t\t<div class=\"elementor-button-wrapper\">\n\t\t\t\t\t<a class=\"elementor-button elementor-button-link elementor-size-md\" href=\"\/fr\/contact\/#contactform\">\n\t\t\t\t\t\t<span class=\"elementor-button-content-wrapper\">\n\t\t\t\t\t\t\t\t\t<span class=\"elementor-button-text\">Contact<\/span>\n\t\t\t\t\t<\/span>\n\t\t\t\t\t<\/a>\n\t\t\t\t<\/div>\n\t\t\t\t\t\t\t\t<\/div>\n\t\t\t\t<\/div>\n\t\t\t\t\t<\/div>\n\t\t<\/div>\n\t\t\t\t<div class=\"elementor-column elementor-col-50 elementor-top-column elementor-element elementor-element-898e7a7\" data-id=\"898e7a7\" data-element_type=\"column\" data-e-type=\"column\" data-settings=\"{&quot;background_background&quot;:&quot;classic&quot;}\">\n\t\t\t<div class=\"elementor-widget-wrap elementor-element-populated\">\n\t\t\t\t\t\t<div class=\"elementor-element elementor-element-06f7e85 elementor-widget elementor-widget-spacer\" data-id=\"06f7e85\" data-element_type=\"widget\" data-e-type=\"widget\" data-widget_type=\"spacer.default\">\n\t\t\t\t<div class=\"elementor-widget-container\">\n\t\t\t\t\t\t\t<div class=\"elementor-spacer\">\n\t\t\t<div class=\"elementor-spacer-inner\"><\/div>\n\t\t<\/div>\n\t\t\t\t\t\t<\/div>\n\t\t\t\t<\/div>\n\t\t\t\t\t<\/div>\n\t\t<\/div>\n\t\t\t\t\t<\/div>\n\t\t<\/section>\n\t\t\t\t<section class=\"elementor-section elementor-top-section elementor-element elementor-element-4220211 elementor-section-boxed elementor-section-height-default elementor-section-height-default\" data-id=\"4220211\" data-element_type=\"section\" data-e-type=\"section\">\n\t\t\t\t\t\t<div class=\"elementor-container elementor-column-gap-wider\">\n\t\t\t\t\t<div class=\"elementor-column elementor-col-50 elementor-top-column elementor-element elementor-element-85b9aa1\" data-id=\"85b9aa1\" data-element_type=\"column\" data-e-type=\"column\" data-settings=\"{&quot;background_background&quot;:&quot;classic&quot;}\">\n\t\t\t<div class=\"elementor-widget-wrap elementor-element-populated\">\n\t\t\t\t\t\t<div class=\"elementor-element elementor-element-773bc76 elementor-widget elementor-widget-spacer\" data-id=\"773bc76\" data-element_type=\"widget\" data-e-type=\"widget\" data-widget_type=\"spacer.default\">\n\t\t\t\t<div class=\"elementor-widget-container\">\n\t\t\t\t\t\t\t<div class=\"elementor-spacer\">\n\t\t\t<div class=\"elementor-spacer-inner\"><\/div>\n\t\t<\/div>\n\t\t\t\t\t\t<\/div>\n\t\t\t\t<\/div>\n\t\t\t\t\t<\/div>\n\t\t<\/div>\n\t\t\t\t<div class=\"elementor-column elementor-col-50 elementor-top-column elementor-element elementor-element-42e00b6\" data-id=\"42e00b6\" data-element_type=\"column\" data-e-type=\"column\" data-settings=\"{&quot;background_background&quot;:&quot;classic&quot;}\">\n\t\t\t<div class=\"elementor-widget-wrap elementor-element-populated\">\n\t\t\t\t\t\t<div class=\"elementor-element elementor-element-6c026da elementor-widget elementor-widget-heading\" data-id=\"6c026da\" data-element_type=\"widget\" data-e-type=\"widget\" data-widget_type=\"heading.default\">\n\t\t\t\t<div class=\"elementor-widget-container\">\n\t\t\t\t\t<h2 class=\"elementor-heading-title elementor-size-default\">Du caviar pour votre \u00e9v\u00e9nement<\/h2>\t\t\t\t<\/div>\n\t\t\t\t<\/div>\n\t\t\t\t<div class=\"elementor-element elementor-element-cf2c1f7 elementor-widget elementor-widget-text-editor\" data-id=\"cf2c1f7\" data-element_type=\"widget\" data-e-type=\"widget\" data-widget_type=\"text-editor.default\">\n\t\t\t\t<div class=\"elementor-widget-container\">\n\t\t\t\t\t\t\t\t\t<div class=\"wpb_column vc_column_container vc_col-sm-6 vc_col-has-fill\"><div class=\"vc_column-inner vc_custom_1652371861152\"><div class=\"wpb_wrapper\"><div class=\"wpb_text_column wpb_content_element white\"><div class=\"wpb_wrapper\"><p>Vous souhaitez faire de votre f\u00eate un moment encore plus raffin\u00e9 ? Utilisez notre caviar 5 \u00e9toiles et, en tant que client privil\u00e9gi\u00e9, profitez de nos conditions pr\u00e9f\u00e9rentielles. Contactez-nous et laissez-nous vous conseiller.<\/p><\/div><\/div><\/div><\/div><\/div>\t\t\t\t\t\t\t\t<\/div>\n\t\t\t\t<\/div>\n\t\t\t\t<div class=\"elementor-element elementor-element-3242e69 elementor-widget elementor-widget-button\" data-id=\"3242e69\" data-element_type=\"widget\" data-e-type=\"widget\" data-widget_type=\"button.default\">\n\t\t\t\t<div class=\"elementor-widget-container\">\n\t\t\t\t\t\t\t\t\t<div class=\"elementor-button-wrapper\">\n\t\t\t\t\t<a class=\"elementor-button elementor-button-link elementor-size-md\" href=\"\/fr\/contact\/#contactform\">\n\t\t\t\t\t\t<span class=\"elementor-button-content-wrapper\">\n\t\t\t\t\t\t\t\t\t<span class=\"elementor-button-text\">Contact<\/span>\n\t\t\t\t\t<\/span>\n\t\t\t\t\t<\/a>\n\t\t\t\t<\/div>\n\t\t\t\t\t\t\t\t<\/div>\n\t\t\t\t<\/div>\n\t\t\t\t\t<\/div>\n\t\t<\/div>\n\t\t\t\t\t<\/div>\n\t\t<\/section>\n\t\t\t\t<section class=\"elementor-section elementor-top-section elementor-element elementor-element-7adc7d4 elementor-section-boxed elementor-section-height-default elementor-section-height-default\" data-id=\"7adc7d4\" data-element_type=\"section\" data-e-type=\"section\">\n\t\t\t\t\t\t<div class=\"elementor-container elementor-column-gap-wider\">\n\t\t\t\t\t<div class=\"elementor-column elementor-col-100 elementor-top-column elementor-element elementor-element-4ffbb81\" data-id=\"4ffbb81\" data-element_type=\"column\" data-e-type=\"column\" data-settings=\"{&quot;background_background&quot;:&quot;classic&quot;}\">\n\t\t\t<div class=\"elementor-widget-wrap elementor-element-populated\">\n\t\t\t\t\t<div class=\"elementor-background-overlay\"><\/div>\n\t\t\t\t\t\t<div class=\"elementor-element elementor-element-87dfb16 elementor-widget elementor-widget-heading\" data-id=\"87dfb16\" data-element_type=\"widget\" data-e-type=\"widget\" data-widget_type=\"heading.default\">\n\t\t\t\t<div class=\"elementor-widget-container\">\n\t\t\t\t\t<h2 class=\"elementor-heading-title elementor-size-default\">Organisons ensemble votre \u00e9v\u00e9nement!<\/h2>\t\t\t\t<\/div>\n\t\t\t\t<\/div>\n\t\t\t\t<div class=\"elementor-element elementor-element-40a3fb1 elementor-widget elementor-widget-text-editor\" data-id=\"40a3fb1\" data-element_type=\"widget\" data-e-type=\"widget\" data-widget_type=\"text-editor.default\">\n\t\t\t\t<div class=\"elementor-widget-container\">\n\t\t\t\t\t\t\t\t\t<div class=\"wpb_column vc_column_container vc_col-sm-6 vc_col-has-fill\"><div class=\"vc_column-inner vc_custom_1652371861152\"><div class=\"wpb_wrapper\"><div class=\"wpb_text_column wpb_content_element white\"><div class=\"wpb_wrapper\"><p>Souhaitez-vous organiser avec nous votre f\u00eate priv\u00e9e sur le th\u00e8me du caviar ? Voici ce que nous offrons:<\/p><ul><li>Planification sans engagement et gratuite.<\/li><li>Cr\u00e9ations de menu<\/li><li>Caviar 5 \u00e9toiles de Imperium Caviar \u00e0 des conditions pr\u00e9f\u00e9rentielles<\/li><li>Cours priv\u00e9 sur le caviar: tout apprendre sur la perle noire<\/li><li>Accompagnement musical<\/li><li>Contactez-nous et envisageons ensemble des options int\u00e9ressantes pour vous.<\/li><\/ul><\/div><\/div><\/div><\/div><\/div>\t\t\t\t\t\t\t\t<\/div>\n\t\t\t\t<\/div>\n\t\t\t\t<div class=\"elementor-element elementor-element-92af4ad elementor-widget elementor-widget-button\" data-id=\"92af4ad\" data-element_type=\"widget\" data-e-type=\"widget\" data-widget_type=\"button.default\">\n\t\t\t\t<div class=\"elementor-widget-container\">\n\t\t\t\t\t\t\t\t\t<div class=\"elementor-button-wrapper\">\n\t\t\t\t\t<a class=\"elementor-button elementor-button-link elementor-size-md\" href=\"\/fr\/contact\/#contactform\">\n\t\t\t\t\t\t<span class=\"elementor-button-content-wrapper\">\n\t\t\t\t\t\t\t\t\t<span class=\"elementor-button-text\">Contact<\/span>\n\t\t\t\t\t<\/span>\n\t\t\t\t\t<\/a>\n\t\t\t\t<\/div>\n\t\t\t\t\t\t\t\t<\/div>\n\t\t\t\t<\/div>\n\t\t\t\t\t<\/div>\n\t\t<\/div>\n\t\t\t\t\t<\/div>\n\t\t<\/section>\n\t\t\t\t<section class=\"elementor-section elementor-top-section elementor-element elementor-element-c5d7b1e elementor-section-stretched elementor-section-boxed elementor-section-height-default elementor-section-height-default\" data-id=\"c5d7b1e\" data-element_type=\"section\" data-e-type=\"section\" data-settings=\"{&quot;stretch_section&quot;:&quot;section-stretched&quot;,&quot;background_background&quot;:&quot;classic&quot;}\">\n\t\t\t\t\t\t\t<div class=\"elementor-background-overlay\"><\/div>\n\t\t\t\t\t\t\t<div class=\"elementor-container elementor-column-gap-default\">\n\t\t\t\t\t<div class=\"elementor-column elementor-col-50 elementor-top-column elementor-element elementor-element-2800ca2\" data-id=\"2800ca2\" data-element_type=\"column\" data-e-type=\"column\" data-settings=\"{&quot;background_background&quot;:&quot;classic&quot;}\">\n\t\t\t<div class=\"elementor-widget-wrap elementor-element-populated\">\n\t\t\t\t\t\t<div class=\"elementor-element elementor-element-32578fb elementor-widget elementor-widget-heading\" data-id=\"32578fb\" data-element_type=\"widget\" data-e-type=\"widget\" data-widget_type=\"heading.default\">\n\t\t\t\t<div class=\"elementor-widget-container\">\n\t\t\t\t\t<h1 class=\"elementor-heading-title elementor-size-default\">Demander conseil sans engagement et sans frais<\/h1>\t\t\t\t<\/div>\n\t\t\t\t<\/div>\n\t\t\t\t<div class=\"elementor-element elementor-element-529aee9 elementor-align-center elementor-icon-list--layout-traditional elementor-list-item-link-full_width elementor-widget elementor-widget-icon-list\" data-id=\"529aee9\" data-element_type=\"widget\" data-e-type=\"widget\" data-widget_type=\"icon-list.default\">\n\t\t\t\t<div class=\"elementor-widget-container\">\n\t\t\t\t\t\t\t<ul class=\"elementor-icon-list-items\">\n\t\t\t\t\t\t\t<li class=\"elementor-icon-list-item\">\n\t\t\t\t\t\t\t\t\t\t\t<a href=\"tel:+41765792755\">\n\n\t\t\t\t\t\t\t\t\t\t\t\t<span class=\"elementor-icon-list-icon\">\n\t\t\t\t\t\t\t<i aria-hidden=\"true\" class=\"fas fa-phone-alt\"><\/i>\t\t\t\t\t\t<\/span>\n\t\t\t\t\t\t\t\t\t\t<span class=\"elementor-icon-list-text\">T\u00e9l\u00e9phone: +41 76 579 27 55<\/span>\n\t\t\t\t\t\t\t\t\t\t\t<\/a>\n\t\t\t\t\t\t\t\t\t<\/li>\n\t\t\t\t\t\t\t\t<li class=\"elementor-icon-list-item\">\n\t\t\t\t\t\t\t\t\t\t\t<a href=\"https:\/\/wa.me\/41765792755\">\n\n\t\t\t\t\t\t\t\t\t\t\t\t<span class=\"elementor-icon-list-icon\">\n\t\t\t\t\t\t\t<i aria-hidden=\"true\" class=\"fab fa-whatsapp\"><\/i>\t\t\t\t\t\t<\/span>\n\t\t\t\t\t\t\t\t\t\t<span class=\"elementor-icon-list-text\">Whatsapp: +41 76 579 27 55<\/span>\n\t\t\t\t\t\t\t\t\t\t\t<\/a>\n\t\t\t\t\t\t\t\t\t<\/li>\n\t\t\t\t\t\t\t\t<li class=\"elementor-icon-list-item\">\n\t\t\t\t\t\t\t\t\t\t\t<a href=\"mailto:info@imperiumcaviar.ch\">\n\n\t\t\t\t\t\t\t\t\t\t\t\t<span class=\"elementor-icon-list-icon\">\n\t\t\t\t\t\t\t<i aria-hidden=\"true\" class=\"fas fa-envelope\"><\/i>\t\t\t\t\t\t<\/span>\n\t\t\t\t\t\t\t\t\t\t<span class=\"elementor-icon-list-text\">E-Mail: info@imperiumcaviar.ch<\/span>\n\t\t\t\t\t\t\t\t\t\t\t<\/a>\n\t\t\t\t\t\t\t\t\t<\/li>\n\t\t\t\t\t\t<\/ul>\n\t\t\t\t\t\t<\/div>\n\t\t\t\t<\/div>\n\t\t\t\t<div class=\"elementor-element elementor-element-eba47f1 elementor-align-center elementor-widget elementor-widget-button\" data-id=\"eba47f1\" data-element_type=\"widget\" data-e-type=\"widget\" data-widget_type=\"button.default\">\n\t\t\t\t<div class=\"elementor-widget-container\">\n\t\t\t\t\t\t\t\t\t<div class=\"elementor-button-wrapper\">\n\t\t\t\t\t<a class=\"elementor-button elementor-button-link elementor-size-md\" href=\"\/fr\/contact\/#contactform\">\n\t\t\t\t\t\t<span class=\"elementor-button-content-wrapper\">\n\t\t\t\t\t\t\t\t\t<span class=\"elementor-button-text\">Formulaire de contact<\/span>\n\t\t\t\t\t<\/span>\n\t\t\t\t\t<\/a>\n\t\t\t\t<\/div>\n\t\t\t\t\t\t\t\t<\/div>\n\t\t\t\t<\/div>\n\t\t\t\t\t<\/div>\n\t\t<\/div>\n\t\t\t\t<div class=\"elementor-column elementor-col-50 elementor-top-column elementor-element elementor-element-b21e421\" data-id=\"b21e421\" data-element_type=\"column\" data-e-type=\"column\">\n\t\t\t<div class=\"elementor-widget-wrap\">\n\t\t\t\t\t\t\t<\/div>\n\t\t<\/div>\n\t\t\t\t\t<\/div>\n\t\t<\/section>\n\t\t\t\t<\/div>","protected":false},"excerpt":{"rendered":"<p>Beratung anfragen Kaviartastings Vereinbaren Sie mit uns ein Kaviartasting bei Ihnen zu Hause: Erfahren Sie alles \u00fcber Kaviar direkt von den Spezialisten. Degustieren Sie unsere verschiedenen Kaviarsorten. Kontakt Kaviar f\u00fcr Ihren Event Sie m\u00f6chten Ihr Fest noch edler gestalten? Verwenden Sie unseren 5-Sterne-Kaviar und profitieren Sie als Spezialkunde von unseren Vorzugskonditionen. Kontaktieren Sie uns und<br class=\"read-more-spacer\"> <a class=\"more-link\" href=\"https:\/\/www.imperiumcaviar.ch\/fr\/services\/events-tastings\/\">Read More<\/a><\/p>","protected":false},"author":1,"featured_media":0,"parent":5581,"menu_order":0,"comment_status":"closed","ping_status":"closed","template":"","meta":{"_acf_changed":false,"footnotes":""},"class_list":["post-5574","page","type-page","status-publish","hentry"],"acf":[],"yoast_head":"<!-- This site is optimized with the Yoast SEO plugin v27.1.1 - https:\/\/yoast.com\/product\/yoast-seo-wordpress\/ -->\n<title>Private Anl\u00e4sse &amp; Tastings - Imperium Caviar<\/title>\n<meta name=\"robots\" content=\"index, follow, max-snippet:-1, max-image-preview:large, max-video-preview:-1\" \/>\n<link rel=\"canonical\" href=\"https:\/\/www.imperiumcaviar.ch\/fr\/services\/events-tastings\/\" \/>\n<meta property=\"og:locale\" content=\"fr_FR\" \/>\n<meta property=\"og:type\" content=\"article\" \/>\n<meta property=\"og:title\" content=\"Private Anl\u00e4sse &amp; Tastings - Imperium Caviar\" \/>\n<meta property=\"og:description\" content=\"Beratung anfragen Kaviartastings Vereinbaren Sie mit uns ein Kaviartasting bei Ihnen zu Hause: Erfahren Sie alles \u00fcber Kaviar direkt von den Spezialisten. Degustieren Sie unsere verschiedenen Kaviarsorten. Kontakt Kaviar f\u00fcr Ihren Event Sie m\u00f6chten Ihr Fest noch edler gestalten? Verwenden Sie unseren 5-Sterne-Kaviar und profitieren Sie als Spezialkunde von unseren Vorzugskonditionen. Kontaktieren Sie uns und Read More\" \/>\n<meta property=\"og:url\" content=\"https:\/\/www.imperiumcaviar.ch\/fr\/services\/events-tastings\/\" \/>\n<meta property=\"og:site_name\" content=\"Imperium Caviar\" \/>\n<meta property=\"article:publisher\" content=\"https:\/\/facebook.com\/imperiumcaviar\" \/>\n<meta property=\"article:modified_time\" content=\"2022-07-26T08:13:12+00:00\" \/>\n<meta name=\"twitter:card\" content=\"summary_large_image\" \/>\n<meta name=\"twitter:label1\" content=\"Dur\u00e9e de lecture estim\u00e9e\" \/>\n\t<meta name=\"twitter:data1\" content=\"1 minute\" \/>\n<script type=\"application\/ld+json\" class=\"yoast-schema-graph\">{\"@context\":\"https:\/\/schema.org\",\"@graph\":[{\"@type\":\"WebPage\",\"@id\":\"https:\/\/www.imperiumcaviar.ch\/services\/events-tastings\/\",\"url\":\"https:\/\/www.imperiumcaviar.ch\/services\/events-tastings\/\",\"name\":\"Private Anl\u00e4sse & Tastings - Imperium Caviar\",\"isPartOf\":{\"@id\":\"https:\/\/www.imperiumcaviar.ch\/#website\"},\"datePublished\":\"2022-05-12T14:54:14+00:00\",\"dateModified\":\"2022-07-26T08:13:12+00:00\",\"breadcrumb\":{\"@id\":\"https:\/\/www.imperiumcaviar.ch\/services\/events-tastings\/#breadcrumb\"},\"inLanguage\":\"fr-FR\",\"potentialAction\":[{\"@type\":\"ReadAction\",\"target\":[\"https:\/\/www.imperiumcaviar.ch\/services\/events-tastings\/\"]}]},{\"@type\":\"BreadcrumbList\",\"@id\":\"https:\/\/www.imperiumcaviar.ch\/services\/events-tastings\/#breadcrumb\",\"itemListElement\":[{\"@type\":\"ListItem\",\"position\":1,\"name\":\"Home\",\"item\":\"https:\/\/www.imperiumcaviar.ch\/\"},{\"@type\":\"ListItem\",\"position\":2,\"name\":\"Services\",\"item\":\"https:\/\/www.imperiumcaviar.ch\/services\/\"},{\"@type\":\"ListItem\",\"position\":3,\"name\":\"Private Anl\u00e4sse &#038; Tastings\"}]},{\"@type\":\"WebSite\",\"@id\":\"https:\/\/www.imperiumcaviar.ch\/#website\",\"url\":\"https:\/\/www.imperiumcaviar.ch\/\",\"name\":\"Imperium Caviar\",\"description\":\"Feinsten und exquisiten Kaviar online kaufen\",\"publisher\":{\"@id\":\"https:\/\/www.imperiumcaviar.ch\/#organization\"},\"potentialAction\":[{\"@type\":\"SearchAction\",\"target\":{\"@type\":\"EntryPoint\",\"urlTemplate\":\"https:\/\/www.imperiumcaviar.ch\/?s={search_term_string}\"},\"query-input\":{\"@type\":\"PropertyValueSpecification\",\"valueRequired\":true,\"valueName\":\"search_term_string\"}}],\"inLanguage\":\"fr-FR\"},{\"@type\":\"Organization\",\"@id\":\"https:\/\/www.imperiumcaviar.ch\/#organization\",\"name\":\"Imperium Caviar\",\"url\":\"https:\/\/www.imperiumcaviar.ch\/\",\"logo\":{\"@type\":\"ImageObject\",\"inLanguage\":\"fr-FR\",\"@id\":\"https:\/\/www.imperiumcaviar.ch\/#\/schema\/logo\/image\/\",\"url\":\"https:\/\/www.imperiumcaviar.ch\/wp-content\/uploads\/2021\/08\/logo-social-media2-1.png\",\"contentUrl\":\"https:\/\/www.imperiumcaviar.ch\/wp-content\/uploads\/2021\/08\/logo-social-media2-1.png\",\"width\":800,\"height\":800,\"caption\":\"Imperium Caviar\"},\"image\":{\"@id\":\"https:\/\/www.imperiumcaviar.ch\/#\/schema\/logo\/image\/\"},\"sameAs\":[\"https:\/\/facebook.com\/imperiumcaviar\",\"https:\/\/www.instagram.com\/imperiumcaviar\/\"]}]}<\/script>\n<!-- \/ Yoast SEO plugin. -->","yoast_head_json":{"title":"Private Anl\u00e4sse & Tastings - Imperium Caviar","robots":{"index":"index","follow":"follow","max-snippet":"max-snippet:-1","max-image-preview":"max-image-preview:large","max-video-preview":"max-video-preview:-1"},"canonical":"https:\/\/www.imperiumcaviar.ch\/fr\/services\/events-tastings\/","og_locale":"fr_FR","og_type":"article","og_title":"Private Anl\u00e4sse & Tastings - Imperium Caviar","og_description":"Beratung anfragen Kaviartastings Vereinbaren Sie mit uns ein Kaviartasting bei Ihnen zu Hause: Erfahren Sie alles \u00fcber Kaviar direkt von den Spezialisten. Degustieren Sie unsere verschiedenen Kaviarsorten. Kontakt Kaviar f\u00fcr Ihren Event Sie m\u00f6chten Ihr Fest noch edler gestalten? Verwenden Sie unseren 5-Sterne-Kaviar und profitieren Sie als Spezialkunde von unseren Vorzugskonditionen. Kontaktieren Sie uns und Read More","og_url":"https:\/\/www.imperiumcaviar.ch\/fr\/services\/events-tastings\/","og_site_name":"Imperium Caviar","article_publisher":"https:\/\/facebook.com\/imperiumcaviar","article_modified_time":"2022-07-26T08:13:12+00:00","twitter_card":"summary_large_image","twitter_misc":{"Dur\u00e9e de lecture estim\u00e9e":"1 minute"},"schema":{"@context":"https:\/\/schema.org","@graph":[{"@type":"WebPage","@id":"https:\/\/www.imperiumcaviar.ch\/services\/events-tastings\/","url":"https:\/\/www.imperiumcaviar.ch\/services\/events-tastings\/","name":"Private Anl\u00e4sse & Tastings - Imperium Caviar","isPartOf":{"@id":"https:\/\/www.imperiumcaviar.ch\/#website"},"datePublished":"2022-05-12T14:54:14+00:00","dateModified":"2022-07-26T08:13:12+00:00","breadcrumb":{"@id":"https:\/\/www.imperiumcaviar.ch\/services\/events-tastings\/#breadcrumb"},"inLanguage":"fr-FR","potentialAction":[{"@type":"ReadAction","target":["https:\/\/www.imperiumcaviar.ch\/services\/events-tastings\/"]}]},{"@type":"BreadcrumbList","@id":"https:\/\/www.imperiumcaviar.ch\/services\/events-tastings\/#breadcrumb","itemListElement":[{"@type":"ListItem","position":1,"name":"Home","item":"https:\/\/www.imperiumcaviar.ch\/"},{"@type":"ListItem","position":2,"name":"Services","item":"https:\/\/www.imperiumcaviar.ch\/services\/"},{"@type":"ListItem","position":3,"name":"Private Anl\u00e4sse &#038; Tastings"}]},{"@type":"WebSite","@id":"https:\/\/www.imperiumcaviar.ch\/#website","url":"https:\/\/www.imperiumcaviar.ch\/","name":"Imperium Caviar","description":"Feinsten und exquisiten Kaviar online kaufen","publisher":{"@id":"https:\/\/www.imperiumcaviar.ch\/#organization"},"potentialAction":[{"@type":"SearchAction","target":{"@type":"EntryPoint","urlTemplate":"https:\/\/www.imperiumcaviar.ch\/?s={search_term_string}"},"query-input":{"@type":"PropertyValueSpecification","valueRequired":true,"valueName":"search_term_string"}}],"inLanguage":"fr-FR"},{"@type":"Organization","@id":"https:\/\/www.imperiumcaviar.ch\/#organization","name":"Imperium Caviar","url":"https:\/\/www.imperiumcaviar.ch\/","logo":{"@type":"ImageObject","inLanguage":"fr-FR","@id":"https:\/\/www.imperiumcaviar.ch\/#\/schema\/logo\/image\/","url":"https:\/\/www.imperiumcaviar.ch\/wp-content\/uploads\/2021\/08\/logo-social-media2-1.png","contentUrl":"https:\/\/www.imperiumcaviar.ch\/wp-content\/uploads\/2021\/08\/logo-social-media2-1.png","width":800,"height":800,"caption":"Imperium Caviar"},"image":{"@id":"https:\/\/www.imperiumcaviar.ch\/#\/schema\/logo\/image\/"},"sameAs":["https:\/\/facebook.com\/imperiumcaviar","https:\/\/www.instagram.com\/imperiumcaviar\/"]}]}},"_links":{"self":[{"href":"https:\/\/www.imperiumcaviar.ch\/fr\/wp-json\/wp\/v2\/pages\/5574","targetHints":{"allow":["GET"]}}],"collection":[{"href":"https:\/\/www.imperiumcaviar.ch\/fr\/wp-json\/wp\/v2\/pages"}],"about":[{"href":"https:\/\/www.imperiumcaviar.ch\/fr\/wp-json\/wp\/v2\/types\/page"}],"author":[{"embeddable":true,"href":"https:\/\/www.imperiumcaviar.ch\/fr\/wp-json\/wp\/v2\/users\/1"}],"replies":[{"embeddable":true,"href":"https:\/\/www.imperiumcaviar.ch\/fr\/wp-json\/wp\/v2\/comments?post=5574"}],"version-history":[{"count":0,"href":"https:\/\/www.imperiumcaviar.ch\/fr\/wp-json\/wp\/v2\/pages\/5574\/revisions"}],"up":[{"embeddable":true,"href":"https:\/\/www.imperiumcaviar.ch\/fr\/wp-json\/wp\/v2\/pages\/5581"}],"wp:attachment":[{"href":"https:\/\/www.imperiumcaviar.ch\/fr\/wp-json\/wp\/v2\/media?parent=5574"}],"curies":[{"name":"wp","href":"https:\/\/api.w.org\/{rel}","templated":true}]}}