{"id":341,"date":"2016-03-15T14:31:38","date_gmt":"2016-03-15T13:31:38","guid":{"rendered":"http:\/\/okthemes.com\/villenoirdemonew\/?page_id=341"},"modified":"2024-11-24T19:22:06","modified_gmt":"2024-11-24T18:22:06","slug":"about","status":"publish","type":"page","link":"https:\/\/www.imperiumcaviar.ch\/fr\/about\/","title":{"rendered":"A propos de nous"},"content":{"rendered":"<div class=\"wpb-content-wrapper\"><div class=\"vc_row wpb_row vc_row-fluid vc_custom_1732472407453\"><div class=\"wpb_column vc_column_container vc_col-sm-12\"><div class=\"vc_column-inner\"><div class=\"wpb_wrapper\">\n\t<div class=\"title-subtitle-box\" style=\" text-align: center;\">\n\t\t<p  style=\"\">Faites notre connaissance<\/p>\n\t\t<h1 style=\" font-style: normal;\">L\u2019\u00e9quipe de Imperium Caviar<\/h1>\n\t<\/div> <\/div><\/div><\/div><\/div><div data-vc-full-width=\"true\" data-vc-full-width-init=\"false\" class=\"vc_row wpb_row vc_row-fluid vc_custom_1629267410522\"><div class=\"wpb_column vc_column_container vc_col-sm-6\"><div class=\"vc_column-inner vc_custom_1628976699402\"><div class=\"wpb_wrapper\">\n\t<div class=\"gg-clubbox vc_custom_1732472510228\" style=\"text-align:center;\">\n\t\t<div class=\"club-image\"><\/div>\n\t\t<div class=\"gg-clubbox-content gg-center\">\n\t\t<span class=\"club-top-title\" >Co-Founder<\/span>\n\t\t<h4 class=\"club-title\" >Lina Karam<\/h4>\n\t\t<div class=\"club-description\" ><\/div>\n\t\t<p class=\"club-price\" > <span class=\"club-price-affix\" ><\/span><\/p>\n\t<div class=\"clearfix\"><\/div><a class=\"club-link button btn-primary\" href=\"#\" title=\"Join now\" target=\"_self\">Join now<\/a>\n\t<\/div>\n\t<\/div><\/div><\/div><\/div><div class=\"wpb_column vc_column_container vc_col-sm-6\"><div class=\"vc_column-inner vc_custom_1628976703663\"><div class=\"wpb_wrapper\">\n\t<div class=\"gg-clubbox vc_custom_1732472522778\" style=\"text-align:center;\">\n\t\t<div class=\"club-image\"><\/div>\n\t\t<div class=\"gg-clubbox-content gg-center\">\n\t\t<span class=\"club-top-title\" >Co-Founder<\/span>\n\t\t<h4 class=\"club-title\" >Romain Hintermann<\/h4>\n\t\t<div class=\"club-description\" ><\/div>\n\t\t<p class=\"club-price\" > <span class=\"club-price-affix\" ><\/span><\/p>\n\t<div class=\"clearfix\"><\/div><a class=\"club-link button btn-primary\" href=\"#\" title=\"Join now\" target=\"_self\">Join now<\/a>\n\t<\/div>\n\t<\/div><\/div><\/div><\/div><\/div><div class=\"vc_row-full-width vc_clearfix\"><\/div><div class=\"vc_row wpb_row vc_row-fluid vc_custom_1628979848086\"><div class=\"wpb_column vc_column_container vc_col-sm-4\"><div class=\"vc_column-inner\"><div class=\"wpb_wrapper\">\n\t<div class=\"title-subtitle-box  vc_custom_1656449128297\" style=\" text-align: center;\">\n\t\t<p  style=\"\">General Manager - Iran<\/p>\n\t\t<h2 style=\" font-style: normal;\">Hamid<br \/>\nKaram<\/h2>\n\t<\/div> <\/div><\/div><\/div><div class=\"wpb_column vc_column_container vc_col-sm-4\"><div class=\"vc_column-inner\"><div class=\"wpb_wrapper\">\n\t<div class=\"title-subtitle-box  vc_custom_1656449138707\" style=\" text-align: center;\">\n\t\t<p  style=\"\">Head of Translation<\/p>\n\t\t<h2 style=\" font-style: normal;\">Fran\u00e7oise<br \/>\nGoumaz<\/h2>\n\t<\/div> <\/div><\/div><\/div><div class=\"wpb_column vc_column_container vc_col-sm-4\"><div class=\"vc_column-inner\"><div class=\"wpb_wrapper\">\n\t<div class=\"title-subtitle-box  vc_custom_1656449145538\" style=\" text-align: center;\">\n\t\t<p  style=\"\">Head of IT<\/p>\n\t\t<h2 style=\" font-style: normal;\">Saber<br \/>\nKarimi<\/h2>\n\t<\/div> <\/div><\/div><\/div><\/div><div data-vc-full-width=\"true\" data-vc-full-width-init=\"false\" data-vc-stretch-content=\"true\" class=\"vc_row wpb_row vc_row-fluid vc_custom_1628842314227 vc_row-no-padding vc_row-o-equal-height vc_row-o-content-middle vc_row-flex\"><div class=\"wpb_column vc_column_container vc_col-sm-12 vc_col-lg-6 vc_col-md-6 vc_col-has-fill\"><div class=\"vc_column-inner vc_custom_1652813686277\"><div class=\"wpb_wrapper\"><\/div><\/div><\/div><div class=\"wpb_column vc_column_container vc_col-sm-12 vc_col-lg-6 vc_col-md-6 vc_col-has-fill\"><div class=\"vc_column-inner vc_custom_1617308315506\"><div class=\"wpb_wrapper\">\n\t<div class=\"title-subtitle-box\" style=\" text-align: left;\">\n\t\t<h2 style=\" color:#ffffff;  font-style: normal;\">Qui sommes-nous?<\/h2>\n\t<\/div> \n\t<div class=\"wpb_text_column wpb_content_element vc_custom_1658831840195\" >\n\t\t<div class=\"wpb_wrapper\">\n\t\t\t<p style=\"text-align: left; color: #fff;\">Imperium Caviar incarne la splendeur et l'histoire de l'Empire perse et symbolise la tradition et la qualit\u00e9 exclusive. Notre \u00e9quipe jeune, tr\u00e8s engag\u00e9e et motiv\u00e9e vous offre une exp\u00e9rience gustative \u00e0 nulle autre pareille et pr\u00eate une oreille attentive \u00e0 vos souhaits. Conjointement \u00e0 notre ligne bio Swisspica, nous nous pr\u00e9sentons en Suisse en tant que sp\u00e9cialistes des saveurs raffin\u00e9es perses.<\/p>\n<p style=\"text-align: left; color: #fff;\">Nous collaborons exclusivement avec des fermes d'\u00e9levage en Iran ou dans d'autres pays dans lesquels des \u00e9migrants iraniens ont export\u00e9 les crit\u00e8res de qualit\u00e9 perse stricts et leur savoir-faire. Nos collaborateurs locaux effectuent les premiers contr\u00f4les de qualit\u00e9 dans les pays d'origine. En tant qu'entreprise de caviar enregistr\u00e9e en Suisse, nous v\u00e9rifions \u00e0 nouveau chaque bo\u00eete de caviar de fa\u00e7on approfondie.<\/p>\n\n\t\t<\/div>\n\t<\/div>\n\n\t<blockquote style=\"color: #ffffff;\" class=\"gg-vc-quote\">\n\tLe meilleur caviar du monde \u2013 directement chez vous\n\t<\/blockquote><\/div><\/div><\/div><\/div><div class=\"vc_row-full-width vc_clearfix\"><\/div><div data-vc-full-width=\"true\" data-vc-full-width-init=\"false\" data-vc-stretch-content=\"true\" class=\"vc_row wpb_row vc_row-fluid vc_custom_1628845533993 reverse_columns_mobile vc_row-has-fill vc_row-no-padding vc_row-o-equal-height vc_row-o-content-middle vc_row-flex\"><div class=\"wpb_column vc_column_container vc_col-sm-12 vc_col-lg-6 vc_col-md-6 vc_col-has-fill\"><div class=\"vc_column-inner vc_custom_1629007517093\"><div class=\"wpb_wrapper\">\n\t<div class=\"title-subtitle-box\" style=\" text-align: left;\">\n\t\t<h2 style=\" color:#ffffff;  font-style: normal;\">Notre responsabilit\u00e9 d'entreprise<\/h2>\n\t<\/div> \n\t<div class=\"wpb_text_column wpb_content_element vc_custom_1675809666153\" >\n\t\t<div class=\"wpb_wrapper\">\n\t\t\t<p style=\"text-align: left; color: #fff;\">Nous contr\u00f4lons et garantissons tous les processus ayant trait \u00e0 la production, l'importation et la vente. Nous restons \u00e0 l'\u00e9coute de nos clients, de leurs souhaits personnels et leurs attentes.<\/p>\n<p style=\"text-align: left; color: #fff;\" class=\"translation-block\">Nous soutenons pleinement la protection des esp\u00e8ces et de l'environnement. Le respect et la conformit\u00e9 aux normes et aux standards internationaux sont pour nous une \u00e9vidence et une priorit\u00e9 absolue. Nous nous engageons \u00e0 appliquer rigoureusement la <a href=\"https:\/\/www.blv.admin.ch\/blv\/de\/home\/das-blv\/kooperationen\/internationale-institutionen\/cites.html\" target=\"_blank\" rel=\"noopener\"><em><u>Convention sur le commerce international des esp\u00e8ces de faune et de flore sauvages menac\u00e9es d\u2019extinction<\/u> <\/em><\/a> (CITES). Comme les fermes iraniennes rel\u00e2chent des esp\u00e8ces d'esturgeons d'\u00e9levage exclusivement repr\u00e9sent\u00e9es au niveau r\u00e9gional, la population unique d'esturgeons ainsi que sa diversit\u00e9 sera renforc\u00e9e dans la mer Caspienne.<\/p>\n\n\t\t<\/div>\n\t<\/div>\n<\/div><\/div><\/div><div class=\"wpb_column vc_column_container vc_col-sm-12 vc_col-lg-6 vc_col-md-6 vc_col-has-fill\"><div class=\"vc_column-inner vc_custom_1628845546991\"><div class=\"wpb_wrapper\"><\/div><\/div><\/div><\/div><div class=\"vc_row-full-width vc_clearfix\"><\/div><div data-vc-full-width=\"true\" data-vc-full-width-init=\"false\" data-vc-stretch-content=\"true\" class=\"vc_row wpb_row vc_row-fluid gg-force-background-bottom vc_custom_1629191599408 vc_row-has-fill\"><div class=\"wpb_column vc_column_container vc_col-sm-6\"><div class=\"vc_column-inner vc_custom_1628844078304\"><div class=\"wpb_wrapper\">\n\t<div class=\"wpb_text_column wpb_content_element\" >\n\t\t<div class=\"wpb_wrapper\">\n\t\t\t<h2>Nos d\u00e9buts<\/h2>\n<p>Notre r\u00e9putation en tant qu'expert en caviar est bien \u00e9tablie depuis des d\u00e9cennies. La famille est issue du nord de l'Iran \u00e0 proximit\u00e9 de la mer Caspienne. Personne ne conna\u00eet aussi bien la texture, la couleur et la saveur du caviar que celui qui a grandi l\u00e0-bas.<\/p>\n<p>Au tout d\u00e9but de notre entreprise, nous avons test\u00e9 le caviar de toutes les fermes d'\u00e9levage de l'Iran et finalement, nous avons d\u00e9cid\u00e9 de s\u00e9lectionner deux caviars qui, selon nous, se trouvent \u00eatre les meilleurs pour les fins connaisseurs de la Suisse. Au fil du temps, nous nous sommes d\u00e9velopp\u00e9s sur le plan professionnel et nous avons achet\u00e9 des parts de l'un de ces deux producteurs en Iran. Cela nous permet d'exercer un contr\u00f4le de la qualit\u00e9 encore plus \u00e9troit au niveau local.<\/p>\n<h2>Notre passion<\/h2>\n<p>En raison de ses aspects b\u00e9n\u00e9fiques pour la sant\u00e9, nous sommes persuad\u00e9s que le caviar devrait pouvoir \u00eatre servi sur toutes les tables. C'est pourquoi, nous \u00e9largissons constamment notre assortiment de haute qualit\u00e9 et nous offrons du caviar \u00e0 des prix raisonnables pour toute famille et tout amateur de caviar. La durabilit\u00e9 et la protection de l'environnement et des esp\u00e8ces nous tiennent particuli\u00e8rement \u00e0 c\u0153ur.<\/p>\n\n\t\t<\/div>\n\t<\/div>\n<div class=\"vc_btn3-container vc_btn3-inline vc_do_btn\" ><a class=\"vc_general vc_btn3 vc_btn3-size-md vc_btn3-shape-rounded vc_btn3-style-classic vc_btn3-color-black\" href=\"\/fr\/shop\/\" title=\"\">Boutique<\/a><\/div><\/div><\/div><\/div><div class=\"wpb_column vc_column_container vc_col-sm-6\"><div class=\"vc_column-inner vc_custom_1628844082397\"><div class=\"wpb_wrapper\"><\/div><\/div><\/div><\/div><div class=\"vc_row-full-width vc_clearfix\"><\/div>\n<\/div>","protected":false},"excerpt":{"rendered":"Lernen Sie uns kennen Das Imperium Caviar Team Co-Founder Lina Karam Join now Co-Founder Romain Hintermann Join now General Manager - Iran Hamid Karam Head of Translation Fran\u00e7oise Goumaz Head of IT Saber Karimi Wer wir sind Imperium Caviar verk\u00f6rpert den Glanz und die Geschichte des Persischen Reiches und steht f\u00fcr Tradition und exklusive Qualit\u00e4t.<br class=\"read-more-spacer\"> <a class=\"more-link\" href=\"https:\/\/www.imperiumcaviar.ch\/fr\/about\/\">Read More<\/a>","protected":false},"author":1,"featured_media":0,"parent":0,"menu_order":0,"comment_status":"closed","ping_status":"closed","template":"","meta":{"_acf_changed":false,"footnotes":""},"class_list":["post-341","page","type-page","status-publish","hentry"],"acf":[],"yoast_head":"<!-- This site is optimized with the Yoast SEO plugin v27.1.1 - https:\/\/yoast.com\/product\/yoast-seo-wordpress\/ -->\n<title>\u00dcber uns - Imperium Caviar<\/title>\n<meta name=\"robots\" content=\"index, follow, max-snippet:-1, max-image-preview:large, max-video-preview:-1\" \/>\n<link rel=\"canonical\" href=\"https:\/\/www.imperiumcaviar.ch\/fr\/about\/\" \/>\n<meta property=\"og:locale\" content=\"fr_FR\" \/>\n<meta property=\"og:type\" content=\"article\" \/>\n<meta property=\"og:title\" content=\"\u00dcber uns - Imperium Caviar\" \/>\n<meta property=\"og:url\" content=\"https:\/\/www.imperiumcaviar.ch\/fr\/about\/\" \/>\n<meta property=\"og:site_name\" content=\"Imperium Caviar\" \/>\n<meta property=\"article:publisher\" content=\"https:\/\/facebook.com\/imperiumcaviar\" \/>\n<meta property=\"article:modified_time\" content=\"2024-11-24T18:22:06+00:00\" \/>\n<meta name=\"twitter:card\" content=\"summary_large_image\" \/>\n<meta name=\"twitter:label1\" content=\"Dur\u00e9e de lecture estim\u00e9e\" \/>\n\t<meta name=\"twitter:data1\" content=\"6 minutes\" \/>\n<script type=\"application\/ld+json\" class=\"yoast-schema-graph\">{\"@context\":\"https:\/\/schema.org\",\"@graph\":[{\"@type\":\"WebPage\",\"@id\":\"https:\/\/www.imperiumcaviar.ch\/about\/\",\"url\":\"https:\/\/www.imperiumcaviar.ch\/about\/\",\"name\":\"\u00dcber uns - Imperium Caviar\",\"isPartOf\":{\"@id\":\"https:\/\/www.imperiumcaviar.ch\/#website\"},\"datePublished\":\"2016-03-15T13:31:38+00:00\",\"dateModified\":\"2024-11-24T18:22:06+00:00\",\"breadcrumb\":{\"@id\":\"https:\/\/www.imperiumcaviar.ch\/about\/#breadcrumb\"},\"inLanguage\":\"fr-FR\",\"potentialAction\":[{\"@type\":\"ReadAction\",\"target\":[\"https:\/\/www.imperiumcaviar.ch\/about\/\"]}]},{\"@type\":\"BreadcrumbList\",\"@id\":\"https:\/\/www.imperiumcaviar.ch\/about\/#breadcrumb\",\"itemListElement\":[{\"@type\":\"ListItem\",\"position\":1,\"name\":\"Home\",\"item\":\"https:\/\/www.imperiumcaviar.ch\/\"},{\"@type\":\"ListItem\",\"position\":2,\"name\":\"\u00dcber uns\"}]},{\"@type\":\"WebSite\",\"@id\":\"https:\/\/www.imperiumcaviar.ch\/#website\",\"url\":\"https:\/\/www.imperiumcaviar.ch\/\",\"name\":\"Imperium Caviar\",\"description\":\"Feinsten und exquisiten Kaviar online kaufen\",\"publisher\":{\"@id\":\"https:\/\/www.imperiumcaviar.ch\/#organization\"},\"potentialAction\":[{\"@type\":\"SearchAction\",\"target\":{\"@type\":\"EntryPoint\",\"urlTemplate\":\"https:\/\/www.imperiumcaviar.ch\/?s={search_term_string}\"},\"query-input\":{\"@type\":\"PropertyValueSpecification\",\"valueRequired\":true,\"valueName\":\"search_term_string\"}}],\"inLanguage\":\"fr-FR\"},{\"@type\":\"Organization\",\"@id\":\"https:\/\/www.imperiumcaviar.ch\/#organization\",\"name\":\"Imperium Caviar\",\"url\":\"https:\/\/www.imperiumcaviar.ch\/\",\"logo\":{\"@type\":\"ImageObject\",\"inLanguage\":\"fr-FR\",\"@id\":\"https:\/\/www.imperiumcaviar.ch\/#\/schema\/logo\/image\/\",\"url\":\"https:\/\/www.imperiumcaviar.ch\/wp-content\/uploads\/2021\/08\/logo-social-media2-1.png\",\"contentUrl\":\"https:\/\/www.imperiumcaviar.ch\/wp-content\/uploads\/2021\/08\/logo-social-media2-1.png\",\"width\":800,\"height\":800,\"caption\":\"Imperium Caviar\"},\"image\":{\"@id\":\"https:\/\/www.imperiumcaviar.ch\/#\/schema\/logo\/image\/\"},\"sameAs\":[\"https:\/\/facebook.com\/imperiumcaviar\",\"https:\/\/www.instagram.com\/imperiumcaviar\/\"]}]}<\/script>\n<!-- \/ Yoast SEO plugin. -->","yoast_head_json":{"title":"\u00dcber uns - Imperium Caviar","robots":{"index":"index","follow":"follow","max-snippet":"max-snippet:-1","max-image-preview":"max-image-preview:large","max-video-preview":"max-video-preview:-1"},"canonical":"https:\/\/www.imperiumcaviar.ch\/fr\/about\/","og_locale":"fr_FR","og_type":"article","og_title":"\u00dcber uns - Imperium Caviar","og_url":"https:\/\/www.imperiumcaviar.ch\/fr\/about\/","og_site_name":"Imperium Caviar","article_publisher":"https:\/\/facebook.com\/imperiumcaviar","article_modified_time":"2024-11-24T18:22:06+00:00","twitter_card":"summary_large_image","twitter_misc":{"Dur\u00e9e de lecture estim\u00e9e":"6 minutes"},"schema":{"@context":"https:\/\/schema.org","@graph":[{"@type":"WebPage","@id":"https:\/\/www.imperiumcaviar.ch\/about\/","url":"https:\/\/www.imperiumcaviar.ch\/about\/","name":"\u00dcber uns - Imperium Caviar","isPartOf":{"@id":"https:\/\/www.imperiumcaviar.ch\/#website"},"datePublished":"2016-03-15T13:31:38+00:00","dateModified":"2024-11-24T18:22:06+00:00","breadcrumb":{"@id":"https:\/\/www.imperiumcaviar.ch\/about\/#breadcrumb"},"inLanguage":"fr-FR","potentialAction":[{"@type":"ReadAction","target":["https:\/\/www.imperiumcaviar.ch\/about\/"]}]},{"@type":"BreadcrumbList","@id":"https:\/\/www.imperiumcaviar.ch\/about\/#breadcrumb","itemListElement":[{"@type":"ListItem","position":1,"name":"Home","item":"https:\/\/www.imperiumcaviar.ch\/"},{"@type":"ListItem","position":2,"name":"\u00dcber uns"}]},{"@type":"WebSite","@id":"https:\/\/www.imperiumcaviar.ch\/#website","url":"https:\/\/www.imperiumcaviar.ch\/","name":"Imperium Caviar","description":"Feinsten und exquisiten Kaviar online kaufen","publisher":{"@id":"https:\/\/www.imperiumcaviar.ch\/#organization"},"potentialAction":[{"@type":"SearchAction","target":{"@type":"EntryPoint","urlTemplate":"https:\/\/www.imperiumcaviar.ch\/?s={search_term_string}"},"query-input":{"@type":"PropertyValueSpecification","valueRequired":true,"valueName":"search_term_string"}}],"inLanguage":"fr-FR"},{"@type":"Organization","@id":"https:\/\/www.imperiumcaviar.ch\/#organization","name":"Imperium Caviar","url":"https:\/\/www.imperiumcaviar.ch\/","logo":{"@type":"ImageObject","inLanguage":"fr-FR","@id":"https:\/\/www.imperiumcaviar.ch\/#\/schema\/logo\/image\/","url":"https:\/\/www.imperiumcaviar.ch\/wp-content\/uploads\/2021\/08\/logo-social-media2-1.png","contentUrl":"https:\/\/www.imperiumcaviar.ch\/wp-content\/uploads\/2021\/08\/logo-social-media2-1.png","width":800,"height":800,"caption":"Imperium Caviar"},"image":{"@id":"https:\/\/www.imperiumcaviar.ch\/#\/schema\/logo\/image\/"},"sameAs":["https:\/\/facebook.com\/imperiumcaviar","https:\/\/www.instagram.com\/imperiumcaviar\/"]}]}},"_links":{"self":[{"href":"https:\/\/www.imperiumcaviar.ch\/fr\/wp-json\/wp\/v2\/pages\/341","targetHints":{"allow":["GET"]}}],"collection":[{"href":"https:\/\/www.imperiumcaviar.ch\/fr\/wp-json\/wp\/v2\/pages"}],"about":[{"href":"https:\/\/www.imperiumcaviar.ch\/fr\/wp-json\/wp\/v2\/types\/page"}],"author":[{"embeddable":true,"href":"https:\/\/www.imperiumcaviar.ch\/fr\/wp-json\/wp\/v2\/users\/1"}],"replies":[{"embeddable":true,"href":"https:\/\/www.imperiumcaviar.ch\/fr\/wp-json\/wp\/v2\/comments?post=341"}],"version-history":[{"count":0,"href":"https:\/\/www.imperiumcaviar.ch\/fr\/wp-json\/wp\/v2\/pages\/341\/revisions"}],"wp:attachment":[{"href":"https:\/\/www.imperiumcaviar.ch\/fr\/wp-json\/wp\/v2\/media?parent=341"}],"curies":[{"name":"wp","href":"https:\/\/api.w.org\/{rel}","templated":true}]}}