{"id":10999,"date":"2022-07-25T19:24:46","date_gmt":"2022-07-25T18:24:46","guid":{"rendered":"https:\/\/www.imperiumcaviar.ch\/?page_id=10999"},"modified":"2024-11-29T05:08:03","modified_gmt":"2024-11-29T04:08:03","slug":"premium","status":"publish","type":"page","link":"https:\/\/www.imperiumcaviar.ch\/en\/premium\/","title":{"rendered":"Premium"},"content":{"rendered":"<div data-elementor-type=\"wp-page\" data-elementor-id=\"10999\" class=\"elementor elementor-10999\" data-elementor-post-type=\"page\">\n\t\t\t\t\t\t<section class=\"elementor-section elementor-top-section elementor-element elementor-element-7ef8a03 elementor-reverse-mobile elementor-section-boxed elementor-section-height-default elementor-section-height-default\" data-id=\"7ef8a03\" data-element_type=\"section\" data-e-type=\"section\">\n\t\t\t\t\t\t<div class=\"elementor-container elementor-column-gap-wider\">\n\t\t\t\t\t<div class=\"elementor-column elementor-col-100 elementor-top-column elementor-element elementor-element-745c83a\" data-id=\"745c83a\" data-element_type=\"column\" data-e-type=\"column\" data-settings=\"{&quot;background_background&quot;:&quot;classic&quot;}\">\n\t\t\t<div class=\"elementor-widget-wrap elementor-element-populated\">\n\t\t\t\t\t<div class=\"elementor-background-overlay\"><\/div>\n\t\t\t\t\t\t<section class=\"elementor-section elementor-inner-section elementor-element elementor-element-c80b9a7 elementor-section-boxed elementor-section-height-default elementor-section-height-default\" data-id=\"c80b9a7\" data-element_type=\"section\" data-e-type=\"section\" data-settings=\"{&quot;background_background&quot;:&quot;classic&quot;}\">\n\t\t\t\t\t\t\t<div class=\"elementor-background-overlay\"><\/div>\n\t\t\t\t\t\t\t<div class=\"elementor-container elementor-column-gap-default\">\n\t\t\t\t\t<div class=\"elementor-column elementor-col-100 elementor-inner-column elementor-element elementor-element-9946e04\" data-id=\"9946e04\" data-element_type=\"column\" data-e-type=\"column\">\n\t\t\t<div class=\"elementor-widget-wrap elementor-element-populated\">\n\t\t\t\t\t\t<div class=\"elementor-element elementor-element-c651992 elementor-widget elementor-widget-heading\" data-id=\"c651992\" data-element_type=\"widget\" data-e-type=\"widget\" data-widget_type=\"heading.default\">\n\t\t\t\t<div class=\"elementor-widget-container\">\n\t\t\t\t\t<h2 class=\"elementor-heading-title elementor-size-default\">10% discount on your stay at the hotel The Chedi Andermatt <\/h2>\t\t\t\t<\/div>\n\t\t\t\t<\/div>\n\t\t\t\t<div class=\"elementor-element elementor-element-6d84fe6 elementor-widget elementor-widget-text-editor\" data-id=\"6d84fe6\" data-element_type=\"widget\" data-e-type=\"widget\" data-widget_type=\"text-editor.default\">\n\t\t\t\t<div class=\"elementor-widget-container\">\n\t\t\t\t\t\t\t\t\t<div class=\"wpb_column vc_column_container vc_col-sm-6 vc_col-has-fill\"><div class=\"vc_column-inner vc_custom_1652371861152\"><div class=\"wpb_wrapper\"><div class=\"wpb_text_column wpb_content_element white\"><div class=\"wpb_wrapper\"><p>Make a purchase exceeding 850 CHF at Imperium Caviar and benefit from a 10% discount on your stay at the hotel The Chedi Andermatt. Reservations are possible from mid-January to mid-December and can be made for all rooms and suites. Your stay will include breakfast, minibar (excl. alcoholic beverages) and spa entry.<\/p><p>Please get in touch with us if you wish to take advantage of this offer.<\/p><\/div><\/div><\/div><\/div><\/div>\t\t\t\t\t\t\t\t<\/div>\n\t\t\t\t<\/div>\n\t\t\t\t<div class=\"elementor-element elementor-element-d8dc20e elementor-widget elementor-widget-button\" data-id=\"d8dc20e\" data-element_type=\"widget\" data-e-type=\"widget\" data-widget_type=\"button.default\">\n\t\t\t\t<div class=\"elementor-widget-container\">\n\t\t\t\t\t\t\t\t\t<div class=\"elementor-button-wrapper\">\n\t\t\t\t\t<a class=\"elementor-button elementor-button-link elementor-size-md\" href=\"\/en\/shop\/\">\n\t\t\t\t\t\t<span class=\"elementor-button-content-wrapper\">\n\t\t\t\t\t\t\t\t\t<span class=\"elementor-button-text\">Shop<\/span>\n\t\t\t\t\t<\/span>\n\t\t\t\t\t<\/a>\n\t\t\t\t<\/div>\n\t\t\t\t\t\t\t\t<\/div>\n\t\t\t\t<\/div>\n\t\t\t\t\t<\/div>\n\t\t<\/div>\n\t\t\t\t\t<\/div>\n\t\t<\/section>\n\t\t\t\t\t<\/div>\n\t\t<\/div>\n\t\t\t\t\t<\/div>\n\t\t<\/section>\n\t\t\t\t<section class=\"elementor-section elementor-top-section elementor-element elementor-element-7adc7d4 elementor-section-boxed elementor-section-height-default elementor-section-height-default\" data-id=\"7adc7d4\" data-element_type=\"section\" data-e-type=\"section\">\n\t\t\t\t\t\t<div class=\"elementor-container elementor-column-gap-wider\">\n\t\t\t\t\t<div class=\"elementor-column elementor-col-100 elementor-top-column elementor-element elementor-element-4ffbb81\" data-id=\"4ffbb81\" data-element_type=\"column\" data-e-type=\"column\" data-settings=\"{&quot;background_background&quot;:&quot;classic&quot;}\">\n\t\t\t<div class=\"elementor-widget-wrap elementor-element-populated\">\n\t\t\t\t\t<div class=\"elementor-background-overlay\"><\/div>\n\t\t\t\t\t\t<section class=\"elementor-section elementor-inner-section elementor-element elementor-element-0a4f585 elementor-section-boxed elementor-section-height-default elementor-section-height-default\" data-id=\"0a4f585\" data-element_type=\"section\" data-e-type=\"section\" data-settings=\"{&quot;background_background&quot;:&quot;classic&quot;}\">\n\t\t\t\t\t\t\t<div class=\"elementor-background-overlay\"><\/div>\n\t\t\t\t\t\t\t<div class=\"elementor-container elementor-column-gap-default\">\n\t\t\t\t\t<div class=\"elementor-column elementor-col-100 elementor-inner-column elementor-element elementor-element-2077f43\" data-id=\"2077f43\" data-element_type=\"column\" data-e-type=\"column\">\n\t\t\t<div class=\"elementor-widget-wrap elementor-element-populated\">\n\t\t\t\t\t\t<div class=\"elementor-element elementor-element-87dfb16 elementor-widget elementor-widget-heading\" data-id=\"87dfb16\" data-element_type=\"widget\" data-e-type=\"widget\" data-widget_type=\"heading.default\">\n\t\t\t\t<div class=\"elementor-widget-container\">\n\t\t\t\t\t<h2 class=\"elementor-heading-title elementor-size-default\">Bring a friend <\/h2>\t\t\t\t<\/div>\n\t\t\t\t<\/div>\n\t\t\t\t<div class=\"elementor-element elementor-element-40a3fb1 elementor-widget elementor-widget-text-editor\" data-id=\"40a3fb1\" data-element_type=\"widget\" data-e-type=\"widget\" data-widget_type=\"text-editor.default\">\n\t\t\t\t<div class=\"elementor-widget-container\">\n\t\t\t\t\t\t\t\t\t<div class=\"wpb_column vc_column_container vc_col-sm-6 vc_col-has-fill\"><div class=\"vc_column-inner vc_custom_1652371861152\"><div class=\"wpb_wrapper\"><div class=\"wpb_text_column wpb_content_element white\"><div class=\"wpb_wrapper\"><p>Are you satisfied with our quality and service? Would you like to introduce us to your family and friends? If you wish to recommend us, we will send you a 20% voucher as a thank you.<\/p><p>How do you proceed to benefit from this 20%? Ask the person to whom you recommend us to type your name or mail address in the open field during the ordering process (\u201cOn the recommendation of\u201d). You will then receive an email from us containing a voucher code for a 20% discount on your next purchase at our store.<\/p><\/div><\/div><\/div><\/div><\/div>\t\t\t\t\t\t\t\t<\/div>\n\t\t\t\t<\/div>\n\t\t\t\t<div class=\"elementor-element elementor-element-92af4ad elementor-widget elementor-widget-button\" data-id=\"92af4ad\" data-element_type=\"widget\" data-e-type=\"widget\" data-widget_type=\"button.default\">\n\t\t\t\t<div class=\"elementor-widget-container\">\n\t\t\t\t\t\t\t\t\t<div class=\"elementor-button-wrapper\">\n\t\t\t\t\t<a class=\"elementor-button elementor-button-link elementor-size-md\" href=\"\/en\/shop\/\">\n\t\t\t\t\t\t<span class=\"elementor-button-content-wrapper\">\n\t\t\t\t\t\t\t\t\t<span class=\"elementor-button-text\">Shop<\/span>\n\t\t\t\t\t<\/span>\n\t\t\t\t\t<\/a>\n\t\t\t\t<\/div>\n\t\t\t\t\t\t\t\t<\/div>\n\t\t\t\t<\/div>\n\t\t\t\t\t<\/div>\n\t\t<\/div>\n\t\t\t\t\t<\/div>\n\t\t<\/section>\n\t\t\t\t\t<\/div>\n\t\t<\/div>\n\t\t\t\t\t<\/div>\n\t\t<\/section>\n\t\t\t\t<section class=\"elementor-section elementor-top-section elementor-element elementor-element-3a56576 elementor-section-boxed elementor-section-height-default elementor-section-height-default\" data-id=\"3a56576\" data-element_type=\"section\" data-e-type=\"section\">\n\t\t\t\t\t\t<div class=\"elementor-container elementor-column-gap-wider\">\n\t\t\t\t\t<div class=\"elementor-column elementor-col-50 elementor-top-column elementor-element elementor-element-36dfa4b\" data-id=\"36dfa4b\" data-element_type=\"column\" data-e-type=\"column\">\n\t\t\t<div class=\"elementor-widget-wrap elementor-element-populated\">\n\t\t\t\t\t\t<div class=\"elementor-element elementor-element-1d48a40 elementor-position-inline-start elementor-view-default elementor-mobile-position-block-start elementor-widget elementor-widget-icon-box\" data-id=\"1d48a40\" data-element_type=\"widget\" data-e-type=\"widget\" data-widget_type=\"icon-box.default\">\n\t\t\t\t<div class=\"elementor-widget-container\">\n\t\t\t\t\t\t\t<div class=\"elementor-icon-box-wrapper\">\n\n\t\t\t\t\t\t<div class=\"elementor-icon-box-icon\">\n\t\t\t\t<span  class=\"elementor-icon\">\n\t\t\t\t<i aria-hidden=\"true\" class=\"fas fa-medal\"><\/i>\t\t\t\t<\/span>\n\t\t\t<\/div>\n\t\t\t\n\t\t\t\t\t\t<div class=\"elementor-icon-box-content\">\n\n\t\t\t\t\n\t\t\t\t\t\t\t\t\t<p class=\"elementor-icon-box-description\">\n\t\t\t\t\t\tDo you enjoy celebrating with caviar and consume larger quantities per year? Get in touch with us for a customised offer: <a href=\"mailto:info@imperiumcaviar.ch\">info@imperiumcaviar.ch<\/a>\n \t\t\t\t\t<\/p>\n\t\t\t\t\n\t\t\t<\/div>\n\t\t\t\n\t\t<\/div>\n\t\t\t\t\t\t<\/div>\n\t\t\t\t<\/div>\n\t\t\t\t\t<\/div>\n\t\t<\/div>\n\t\t\t\t<div class=\"elementor-column elementor-col-50 elementor-top-column elementor-element elementor-element-6990ba4\" data-id=\"6990ba4\" data-element_type=\"column\" data-e-type=\"column\">\n\t\t\t<div class=\"elementor-widget-wrap elementor-element-populated\">\n\t\t\t\t\t\t<div class=\"elementor-element elementor-element-b0838cb elementor-headline--style-highlight elementor-widget elementor-widget-animated-headline\" data-id=\"b0838cb\" data-element_type=\"widget\" data-e-type=\"widget\" data-settings=\"{&quot;marker&quot;:&quot;underline&quot;,&quot;highlighted_text&quot;:&quot;Vielen Dank&quot;,&quot;headline_style&quot;:&quot;highlight&quot;,&quot;loop&quot;:&quot;yes&quot;,&quot;highlight_animation_duration&quot;:1200,&quot;highlight_iteration_delay&quot;:8000}\" data-widget_type=\"animated-headline.default\">\n\t\t\t\t<div class=\"elementor-widget-container\">\n\t\t\t\t\t\t\t<h2 class=\"elementor-headline\">\n\t\t\t\t<span class=\"elementor-headline-dynamic-wrapper elementor-headline-text-wrapper\">\n\t\t\t\t\t<span class=\"elementor-headline-dynamic-text elementor-headline-text-active\">Thank you<\/span>\n\t\t\t\t<\/span>\n\t\t\t\t\t<span class=\"elementor-headline-plain-text elementor-headline-text-wrapper\">for your loyalty!<\/span>\n\t\t\t\t\t<\/h2>\n\t\t\t\t\t\t<\/div>\n\t\t\t\t<\/div>\n\t\t\t\t\t<\/div>\n\t\t<\/div>\n\t\t\t\t\t<\/div>\n\t\t<\/section>\n\t\t\t\t<section class=\"elementor-section elementor-top-section elementor-element elementor-element-c5d7b1e elementor-section-stretched elementor-section-boxed elementor-section-height-default elementor-section-height-default\" data-id=\"c5d7b1e\" data-element_type=\"section\" data-e-type=\"section\" data-settings=\"{&quot;stretch_section&quot;:&quot;section-stretched&quot;,&quot;background_background&quot;:&quot;classic&quot;}\">\n\t\t\t\t\t\t\t<div class=\"elementor-background-overlay\"><\/div>\n\t\t\t\t\t\t\t<div class=\"elementor-container elementor-column-gap-default\">\n\t\t\t\t\t<div class=\"elementor-column elementor-col-50 elementor-top-column elementor-element elementor-element-2800ca2\" data-id=\"2800ca2\" data-element_type=\"column\" data-e-type=\"column\" data-settings=\"{&quot;background_background&quot;:&quot;classic&quot;}\">\n\t\t\t<div class=\"elementor-widget-wrap elementor-element-populated\">\n\t\t\t\t\t\t<div class=\"elementor-element elementor-element-32578fb elementor-widget elementor-widget-heading\" data-id=\"32578fb\" data-element_type=\"widget\" data-e-type=\"widget\" data-widget_type=\"heading.default\">\n\t\t\t\t<div class=\"elementor-widget-container\">\n\t\t\t\t\t<h1 class=\"elementor-heading-title elementor-size-default\">Request a non-binding and free consultation<\/h1>\t\t\t\t<\/div>\n\t\t\t\t<\/div>\n\t\t\t\t<div class=\"elementor-element elementor-element-529aee9 elementor-align-center elementor-icon-list--layout-traditional elementor-list-item-link-full_width elementor-widget elementor-widget-icon-list\" data-id=\"529aee9\" data-element_type=\"widget\" data-e-type=\"widget\" data-widget_type=\"icon-list.default\">\n\t\t\t\t<div class=\"elementor-widget-container\">\n\t\t\t\t\t\t\t<ul class=\"elementor-icon-list-items\">\n\t\t\t\t\t\t\t<li class=\"elementor-icon-list-item\">\n\t\t\t\t\t\t\t\t\t\t\t<a href=\"tel:+41765792755\">\n\n\t\t\t\t\t\t\t\t\t\t\t\t<span class=\"elementor-icon-list-icon\">\n\t\t\t\t\t\t\t<i aria-hidden=\"true\" class=\"fas fa-phone-alt\"><\/i>\t\t\t\t\t\t<\/span>\n\t\t\t\t\t\t\t\t\t\t<span class=\"elementor-icon-list-text\">Phone: +41 76 579 27 55<\/span>\n\t\t\t\t\t\t\t\t\t\t\t<\/a>\n\t\t\t\t\t\t\t\t\t<\/li>\n\t\t\t\t\t\t\t\t<li class=\"elementor-icon-list-item\">\n\t\t\t\t\t\t\t\t\t\t\t<a href=\"https:\/\/wa.me\/41765792755\">\n\n\t\t\t\t\t\t\t\t\t\t\t\t<span class=\"elementor-icon-list-icon\">\n\t\t\t\t\t\t\t<i aria-hidden=\"true\" class=\"fab fa-whatsapp\"><\/i>\t\t\t\t\t\t<\/span>\n\t\t\t\t\t\t\t\t\t\t<span class=\"elementor-icon-list-text\">Whatsapp: +41 76 579 27 55<\/span>\n\t\t\t\t\t\t\t\t\t\t\t<\/a>\n\t\t\t\t\t\t\t\t\t<\/li>\n\t\t\t\t\t\t\t\t<li class=\"elementor-icon-list-item\">\n\t\t\t\t\t\t\t\t\t\t\t<a href=\"mailto:info@imperiumcaviar.ch\">\n\n\t\t\t\t\t\t\t\t\t\t\t\t<span class=\"elementor-icon-list-icon\">\n\t\t\t\t\t\t\t<i aria-hidden=\"true\" class=\"fas fa-envelope\"><\/i>\t\t\t\t\t\t<\/span>\n\t\t\t\t\t\t\t\t\t\t<span class=\"elementor-icon-list-text\">E-Mail: info@imperiumcaviar.ch<\/span>\n\t\t\t\t\t\t\t\t\t\t\t<\/a>\n\t\t\t\t\t\t\t\t\t<\/li>\n\t\t\t\t\t\t<\/ul>\n\t\t\t\t\t\t<\/div>\n\t\t\t\t<\/div>\n\t\t\t\t<div class=\"elementor-element elementor-element-eba47f1 elementor-align-center elementor-widget elementor-widget-button\" data-id=\"eba47f1\" data-element_type=\"widget\" data-e-type=\"widget\" data-widget_type=\"button.default\">\n\t\t\t\t<div class=\"elementor-widget-container\">\n\t\t\t\t\t\t\t\t\t<div class=\"elementor-button-wrapper\">\n\t\t\t\t\t<a class=\"elementor-button elementor-button-link elementor-size-md\" href=\"\/en\/contact\/#contactform\">\n\t\t\t\t\t\t<span class=\"elementor-button-content-wrapper\">\n\t\t\t\t\t\t\t\t\t<span class=\"elementor-button-text\">Contact form<\/span>\n\t\t\t\t\t<\/span>\n\t\t\t\t\t<\/a>\n\t\t\t\t<\/div>\n\t\t\t\t\t\t\t\t<\/div>\n\t\t\t\t<\/div>\n\t\t\t\t\t<\/div>\n\t\t<\/div>\n\t\t\t\t<div class=\"elementor-column elementor-col-50 elementor-top-column elementor-element elementor-element-b21e421\" data-id=\"b21e421\" data-element_type=\"column\" data-e-type=\"column\">\n\t\t\t<div class=\"elementor-widget-wrap\">\n\t\t\t\t\t\t\t<\/div>\n\t\t<\/div>\n\t\t\t\t\t<\/div>\n\t\t<\/section>\n\t\t\t\t<\/div>","protected":false},"excerpt":{"rendered":"<p>10% Rabatt auf Ihren Aufenthalt im Hotel The Chedi Andermatt Mit einem Einkauf von \u00fcber 850 CHF bei Imperium Caviar profitieren Sie von 10% Rabatt auf Ihren Aufenthalt im Hotel The Chedi Andermatt. Reservationen sind von Mitte Januar bis Mitte Dezember m\u00f6glich und k\u00f6nnen f\u00fcr alle Rooms und Suites get\u00e4tigt werden. Ihr Aufenthalt wird unter<br class=\"read-more-spacer\"> <a class=\"more-link\" href=\"https:\/\/www.imperiumcaviar.ch\/en\/premium\/\">Read More<\/a><\/p>","protected":false},"author":1,"featured_media":0,"parent":0,"menu_order":0,"comment_status":"closed","ping_status":"closed","template":"","meta":{"_acf_changed":false,"footnotes":""},"class_list":["post-10999","page","type-page","status-publish","hentry"],"acf":[],"yoast_head":"<!-- This site is optimized with the Yoast SEO plugin v27.1.1 - https:\/\/yoast.com\/product\/yoast-seo-wordpress\/ -->\n<title>Premium - Imperium Caviar<\/title>\n<meta name=\"robots\" content=\"index, follow, max-snippet:-1, max-image-preview:large, max-video-preview:-1\" \/>\n<link rel=\"canonical\" href=\"https:\/\/www.imperiumcaviar.ch\/en\/premium\/\" \/>\n<meta property=\"og:locale\" content=\"en_GB\" \/>\n<meta property=\"og:type\" content=\"article\" \/>\n<meta property=\"og:title\" content=\"Premium - Imperium Caviar\" \/>\n<meta property=\"og:description\" content=\"10% Rabatt auf Ihren Aufenthalt im Hotel The Chedi Andermatt Mit einem Einkauf von \u00fcber 850 CHF bei Imperium Caviar profitieren Sie von 10% Rabatt auf Ihren Aufenthalt im Hotel The Chedi Andermatt. Reservationen sind von Mitte Januar bis Mitte Dezember m\u00f6glich und k\u00f6nnen f\u00fcr alle Rooms und Suites get\u00e4tigt werden. Ihr Aufenthalt wird unter Read More\" \/>\n<meta property=\"og:url\" content=\"https:\/\/www.imperiumcaviar.ch\/en\/premium\/\" \/>\n<meta property=\"og:site_name\" content=\"Imperium Caviar\" \/>\n<meta property=\"article:publisher\" content=\"https:\/\/facebook.com\/imperiumcaviar\" \/>\n<meta property=\"article:modified_time\" content=\"2024-11-29T04:08:03+00:00\" \/>\n<meta name=\"twitter:card\" content=\"summary_large_image\" \/>\n<meta name=\"twitter:label1\" content=\"Estimated reading time\" \/>\n\t<meta name=\"twitter:data1\" content=\"2 minutes\" \/>\n<script type=\"application\/ld+json\" class=\"yoast-schema-graph\">{\"@context\":\"https:\/\/schema.org\",\"@graph\":[{\"@type\":\"WebPage\",\"@id\":\"https:\/\/www.imperiumcaviar.ch\/premium\/\",\"url\":\"https:\/\/www.imperiumcaviar.ch\/premium\/\",\"name\":\"Premium - Imperium Caviar\",\"isPartOf\":{\"@id\":\"https:\/\/www.imperiumcaviar.ch\/#website\"},\"datePublished\":\"2022-07-25T18:24:46+00:00\",\"dateModified\":\"2024-11-29T04:08:03+00:00\",\"breadcrumb\":{\"@id\":\"https:\/\/www.imperiumcaviar.ch\/premium\/#breadcrumb\"},\"inLanguage\":\"en-GB\",\"potentialAction\":[{\"@type\":\"ReadAction\",\"target\":[\"https:\/\/www.imperiumcaviar.ch\/premium\/\"]}]},{\"@type\":\"BreadcrumbList\",\"@id\":\"https:\/\/www.imperiumcaviar.ch\/premium\/#breadcrumb\",\"itemListElement\":[{\"@type\":\"ListItem\",\"position\":1,\"name\":\"Home\",\"item\":\"https:\/\/www.imperiumcaviar.ch\/\"},{\"@type\":\"ListItem\",\"position\":2,\"name\":\"Premium\"}]},{\"@type\":\"WebSite\",\"@id\":\"https:\/\/www.imperiumcaviar.ch\/#website\",\"url\":\"https:\/\/www.imperiumcaviar.ch\/\",\"name\":\"Imperium Caviar\",\"description\":\"Feinsten und exquisiten Kaviar online kaufen\",\"publisher\":{\"@id\":\"https:\/\/www.imperiumcaviar.ch\/#organization\"},\"potentialAction\":[{\"@type\":\"SearchAction\",\"target\":{\"@type\":\"EntryPoint\",\"urlTemplate\":\"https:\/\/www.imperiumcaviar.ch\/?s={search_term_string}\"},\"query-input\":{\"@type\":\"PropertyValueSpecification\",\"valueRequired\":true,\"valueName\":\"search_term_string\"}}],\"inLanguage\":\"en-GB\"},{\"@type\":\"Organization\",\"@id\":\"https:\/\/www.imperiumcaviar.ch\/#organization\",\"name\":\"Imperium Caviar\",\"url\":\"https:\/\/www.imperiumcaviar.ch\/\",\"logo\":{\"@type\":\"ImageObject\",\"inLanguage\":\"en-GB\",\"@id\":\"https:\/\/www.imperiumcaviar.ch\/#\/schema\/logo\/image\/\",\"url\":\"https:\/\/www.imperiumcaviar.ch\/wp-content\/uploads\/2021\/08\/logo-social-media2-1.png\",\"contentUrl\":\"https:\/\/www.imperiumcaviar.ch\/wp-content\/uploads\/2021\/08\/logo-social-media2-1.png\",\"width\":800,\"height\":800,\"caption\":\"Imperium Caviar\"},\"image\":{\"@id\":\"https:\/\/www.imperiumcaviar.ch\/#\/schema\/logo\/image\/\"},\"sameAs\":[\"https:\/\/facebook.com\/imperiumcaviar\",\"https:\/\/www.instagram.com\/imperiumcaviar\/\"]}]}<\/script>\n<!-- \/ Yoast SEO plugin. -->","yoast_head_json":{"title":"Premium - Imperium Caviar","robots":{"index":"index","follow":"follow","max-snippet":"max-snippet:-1","max-image-preview":"max-image-preview:large","max-video-preview":"max-video-preview:-1"},"canonical":"https:\/\/www.imperiumcaviar.ch\/en\/premium\/","og_locale":"en_GB","og_type":"article","og_title":"Premium - Imperium Caviar","og_description":"10% Rabatt auf Ihren Aufenthalt im Hotel The Chedi Andermatt Mit einem Einkauf von \u00fcber 850 CHF bei Imperium Caviar profitieren Sie von 10% Rabatt auf Ihren Aufenthalt im Hotel The Chedi Andermatt. Reservationen sind von Mitte Januar bis Mitte Dezember m\u00f6glich und k\u00f6nnen f\u00fcr alle Rooms und Suites get\u00e4tigt werden. Ihr Aufenthalt wird unter Read More","og_url":"https:\/\/www.imperiumcaviar.ch\/en\/premium\/","og_site_name":"Imperium Caviar","article_publisher":"https:\/\/facebook.com\/imperiumcaviar","article_modified_time":"2024-11-29T04:08:03+00:00","twitter_card":"summary_large_image","twitter_misc":{"Estimated reading time":"2 minutes"},"schema":{"@context":"https:\/\/schema.org","@graph":[{"@type":"WebPage","@id":"https:\/\/www.imperiumcaviar.ch\/premium\/","url":"https:\/\/www.imperiumcaviar.ch\/premium\/","name":"Premium - Imperium Caviar","isPartOf":{"@id":"https:\/\/www.imperiumcaviar.ch\/#website"},"datePublished":"2022-07-25T18:24:46+00:00","dateModified":"2024-11-29T04:08:03+00:00","breadcrumb":{"@id":"https:\/\/www.imperiumcaviar.ch\/premium\/#breadcrumb"},"inLanguage":"en-GB","potentialAction":[{"@type":"ReadAction","target":["https:\/\/www.imperiumcaviar.ch\/premium\/"]}]},{"@type":"BreadcrumbList","@id":"https:\/\/www.imperiumcaviar.ch\/premium\/#breadcrumb","itemListElement":[{"@type":"ListItem","position":1,"name":"Home","item":"https:\/\/www.imperiumcaviar.ch\/"},{"@type":"ListItem","position":2,"name":"Premium"}]},{"@type":"WebSite","@id":"https:\/\/www.imperiumcaviar.ch\/#website","url":"https:\/\/www.imperiumcaviar.ch\/","name":"Imperium Caviar","description":"Feinsten und exquisiten Kaviar online kaufen","publisher":{"@id":"https:\/\/www.imperiumcaviar.ch\/#organization"},"potentialAction":[{"@type":"SearchAction","target":{"@type":"EntryPoint","urlTemplate":"https:\/\/www.imperiumcaviar.ch\/?s={search_term_string}"},"query-input":{"@type":"PropertyValueSpecification","valueRequired":true,"valueName":"search_term_string"}}],"inLanguage":"en-GB"},{"@type":"Organization","@id":"https:\/\/www.imperiumcaviar.ch\/#organization","name":"Imperium Caviar","url":"https:\/\/www.imperiumcaviar.ch\/","logo":{"@type":"ImageObject","inLanguage":"en-GB","@id":"https:\/\/www.imperiumcaviar.ch\/#\/schema\/logo\/image\/","url":"https:\/\/www.imperiumcaviar.ch\/wp-content\/uploads\/2021\/08\/logo-social-media2-1.png","contentUrl":"https:\/\/www.imperiumcaviar.ch\/wp-content\/uploads\/2021\/08\/logo-social-media2-1.png","width":800,"height":800,"caption":"Imperium Caviar"},"image":{"@id":"https:\/\/www.imperiumcaviar.ch\/#\/schema\/logo\/image\/"},"sameAs":["https:\/\/facebook.com\/imperiumcaviar","https:\/\/www.instagram.com\/imperiumcaviar\/"]}]}},"_links":{"self":[{"href":"https:\/\/www.imperiumcaviar.ch\/en\/wp-json\/wp\/v2\/pages\/10999","targetHints":{"allow":["GET"]}}],"collection":[{"href":"https:\/\/www.imperiumcaviar.ch\/en\/wp-json\/wp\/v2\/pages"}],"about":[{"href":"https:\/\/www.imperiumcaviar.ch\/en\/wp-json\/wp\/v2\/types\/page"}],"author":[{"embeddable":true,"href":"https:\/\/www.imperiumcaviar.ch\/en\/wp-json\/wp\/v2\/users\/1"}],"replies":[{"embeddable":true,"href":"https:\/\/www.imperiumcaviar.ch\/en\/wp-json\/wp\/v2\/comments?post=10999"}],"version-history":[{"count":0,"href":"https:\/\/www.imperiumcaviar.ch\/en\/wp-json\/wp\/v2\/pages\/10999\/revisions"}],"wp:attachment":[{"href":"https:\/\/www.imperiumcaviar.ch\/en\/wp-json\/wp\/v2\/media?parent=10999"}],"curies":[{"name":"wp","href":"https:\/\/api.w.org\/{rel}","templated":true}]}}